{"id":2537,"date":"2025-03-11T21:57:03","date_gmt":"2025-03-11T20:57:03","guid":{"rendered":"https:\/\/sergi-carbonell.com\/?post_type=product&#038;p=2537"},"modified":"2025-03-11T21:57:03","modified_gmt":"2025-03-11T20:57:03","slug":"disc-amorosa-bondat","status":"publish","type":"product","link":"https:\/\/sergi-carbonell.com\/index.php\/producto\/disc-amorosa-bondat\/","title":{"rendered":"Disc Amorosa Bondat"},"content":{"rendered":"","protected":false},"excerpt":{"rendered":"<p class=\"p1\">\u00c9s un disc amb una clara vocaci\u00f3 humanista. Neix d\u2019una reflexi\u00f3 profunda de la naturalesa humana, mira d\u2019on venim per entendre a on anem i sobretot a on no volem anar.<span class=\"Apple-converted-space\">\u00a0<\/span><\/p>\n<p class=\"p1\">Parla de Pau, de no viol\u00e8ncia, de desobediencia civil. Parla De l\u2019empatia i la compassi\u00f3. D\u2019entendre que o ens salvem tots o no se salvar\u00e0 ning\u00fa.<span class=\"Apple-converted-space\">\u00a0<\/span><\/p>\n<p class=\"p1\">Que no som Illes i que tots estem interconnectats. Que segurament hem d\u2019aprendre a jutjar menys i posar-nos sempre en el lloc de l\u2019altre.<\/p>\n<p class=\"p1\">Parla d\u2019humanitzar a la humanitat. I que malgrat mirem a una altra banda ni els conflictes, ni les guerres, ni les crisis humanit\u00e0ries desapereixen. Possiblement al contrari, contribuim a que es perpetuin.<\/p>\n<p class=\"p1\">Que nom\u00e9s la bellesa i la bondat podran salvar aquest m\u00f3n. Que la meva p\u00e0tria \u00e9s la Humanitat sencera.<\/p>\n<p class=\"p1\"><span class=\"Apple-converted-space\">\u00a0<\/span>I que l\u2019\u00fanic cam\u00ed possible \u00e9s deixar enrera els diminuts confins del Jo, per accedir a la vestitud dels NOSALTRES.<span class=\"Apple-converted-space\">\u00a0<\/span><\/p>\n<p class=\"p1\">10 can\u00e7ons honestes. Fetes artesanalment, amb estima i cura. I acompanyat d\u2019amigues i amics a qui estimo i admiro.<span class=\"Apple-converted-space\">\u00a0<\/span><\/p>\n<p> &hellip; <a href=\"https:\/\/sergi-carbonell.com\/index.php\/producto\/disc-amorosa-bondat\/\" class=\"more-link\"><span class=\"readmore\">Continue reading<span class=\"screen-reader-text\">Disc Amorosa Bondat<\/span><\/span><\/a><\/p>\n","protected":false},"featured_media":2535,"template":"","meta":{"spay_email":""},"product_cat":[91],"product_tag":[],"_links":{"self":[{"href":"https:\/\/sergi-carbonell.com\/index.php\/wp-json\/wp\/v2\/product\/2537"}],"collection":[{"href":"https:\/\/sergi-carbonell.com\/index.php\/wp-json\/wp\/v2\/product"}],"about":[{"href":"https:\/\/sergi-carbonell.com\/index.php\/wp-json\/wp\/v2\/types\/product"}],"wp:featuredmedia":[{"embeddable":true,"href":"https:\/\/sergi-carbonell.com\/index.php\/wp-json\/wp\/v2\/media\/2535"}],"wp:attachment":[{"href":"https:\/\/sergi-carbonell.com\/index.php\/wp-json\/wp\/v2\/media?parent=2537"}],"wp:term":[{"taxonomy":"product_cat","embeddable":true,"href":"https:\/\/sergi-carbonell.com\/index.php\/wp-json\/wp\/v2\/product_cat?post=2537"},{"taxonomy":"product_tag","embeddable":true,"href":"https:\/\/sergi-carbonell.com\/index.php\/wp-json\/wp\/v2\/product_tag?post=2537"}],"curies":[{"name":"wp","href":"https:\/\/api.w.org\/{rel}","templated":true}]}}