{"id":2383,"date":"2023-01-12T23:00:16","date_gmt":"2023-01-12T22:00:16","guid":{"rendered":"https:\/\/sergi-carbonell.com\/?post_type=product&#038;p=2383"},"modified":"2023-01-12T23:00:16","modified_gmt":"2023-01-12T22:00:16","slug":"disco-refugi-2","status":"publish","type":"product","link":"https:\/\/sergi-carbonell.com\/index.php\/es\/producto\/disco-refugi-2\/","title":{"rendered":"Disco Refugi"},"content":{"rendered":"<p>Es mi nuevo proyecto personal. Me gusta pensar en la m\u00fasica como espacio de encuentro. Un espacio donde compartir y aprender. Un espacio de libertad y creatividad. Despu\u00e9s de la etapa con Txarango y despu\u00e9s de haber compuesto en medio cuatro discos en solitario de piano, sent\u00eda la necesidad de hacer cosas diferentes. De transitar por nueve caminos. Y en medio de esa b\u00fasqueda me encontr\u00e9, sin esperarlo, con mi voz. Como parte de ese aprendizaje vital nace este disco y esta nueva etapa.<\/p>\n<p>Canciones cercanas que se acercan al pop, pero siempre transitando por el world music. Yo en la guitarra y en la voz. Y todo un refugio por compartir.<\/p>\n","protected":false},"excerpt":{"rendered":"<p>Es mi nuevo proyecto personal. Me gusta pensar en la m\u00fasica como espacio de encuentro. Un espacio donde compartir y aprender. Un espacio de libertad y creatividad. Despu\u00e9s de la<a href=\"https:\/\/sergi-carbonell.com\/index.php\/es\/producto\/disco-refugi-2\/\" class=\"more-link\"><span class=\"readmore\">Continue reading<span class=\"screen-reader-text\">Disco Refugi<\/span><\/span><\/a><\/p>\n","protected":false},"featured_media":2371,"template":"","meta":{"spay_email":""},"product_cat":[91],"product_tag":[],"_links":{"self":[{"href":"https:\/\/sergi-carbonell.com\/index.php\/wp-json\/wp\/v2\/product\/2383"}],"collection":[{"href":"https:\/\/sergi-carbonell.com\/index.php\/wp-json\/wp\/v2\/product"}],"about":[{"href":"https:\/\/sergi-carbonell.com\/index.php\/wp-json\/wp\/v2\/types\/product"}],"wp:featuredmedia":[{"embeddable":true,"href":"https:\/\/sergi-carbonell.com\/index.php\/wp-json\/wp\/v2\/media\/2371"}],"wp:attachment":[{"href":"https:\/\/sergi-carbonell.com\/index.php\/wp-json\/wp\/v2\/media?parent=2383"}],"wp:term":[{"taxonomy":"product_cat","embeddable":true,"href":"https:\/\/sergi-carbonell.com\/index.php\/wp-json\/wp\/v2\/product_cat?post=2383"},{"taxonomy":"product_tag","embeddable":true,"href":"https:\/\/sergi-carbonell.com\/index.php\/wp-json\/wp\/v2\/product_tag?post=2383"}],"curies":[{"name":"wp","href":"https:\/\/api.w.org\/{rel}","templated":true}]}}