{"id":2093,"date":"2021-12-11T09:36:53","date_gmt":"2021-12-11T08:36:53","guid":{"rendered":"https:\/\/sergi-carbonell.com\/?post_type=product&#038;p=2093"},"modified":"2023-12-28T20:07:22","modified_gmt":"2023-12-28T19:07:22","slug":"disc-ubuntu-info-important-esteu-fent-una-reserva-del-disc-el-rebreu-la-primera-setmana-de-febrer","status":"publish","type":"product","link":"https:\/\/sergi-carbonell.com\/index.php\/producto\/disc-ubuntu-info-important-esteu-fent-una-reserva-del-disc-el-rebreu-la-primera-setmana-de-febrer\/","title":{"rendered":"Disc Ubuntu"},"content":{"rendered":"<p class=\"p1\">Aquest \u00e9s el meu 4t disc de piano. Aquesta vegada he volgut anar un pas m\u00e9s enll\u00e0, i en aquest cam\u00ed de recerca i aprenentatge he volgut acompanyar el meu piano amb un quartet de corda. Les can\u00e7ons ja han estat compostes pensant en aquest format, i aix\u00f2 m&#8217;ha perm\u00e8s treballar el proc\u00e9s de composici\u00f3 des d&#8217;un altre prisma i des d&#8217;altres punts de vista.<\/p>\n<p class=\"p1\">D&#8217;aquest moviment musical, d&#8217;aquesta conversa entre el piano i els quatre instruments de corda ha nascut &#8220;Ubuntu&#8221;.<\/p>\n","protected":false},"excerpt":{"rendered":"<p>Aquest \u00e9s el meu 4t disc de piano. Aquesta vegada he volgut anar un pas m\u00e9s enll\u00e0, i en aquest cam\u00ed de recerca i aprenentatge he volgut acompanyar el meu<a href=\"https:\/\/sergi-carbonell.com\/index.php\/producto\/disc-ubuntu-info-important-esteu-fent-una-reserva-del-disc-el-rebreu-la-primera-setmana-de-febrer\/\" class=\"more-link\"><span class=\"readmore\">Continue reading<span class=\"screen-reader-text\">Disc Ubuntu<\/span><\/span><\/a><\/p>\n","protected":false},"featured_media":2094,"template":"","meta":{"spay_email":""},"product_cat":[95],"product_tag":[],"_links":{"self":[{"href":"https:\/\/sergi-carbonell.com\/index.php\/wp-json\/wp\/v2\/product\/2093"}],"collection":[{"href":"https:\/\/sergi-carbonell.com\/index.php\/wp-json\/wp\/v2\/product"}],"about":[{"href":"https:\/\/sergi-carbonell.com\/index.php\/wp-json\/wp\/v2\/types\/product"}],"wp:featuredmedia":[{"embeddable":true,"href":"https:\/\/sergi-carbonell.com\/index.php\/wp-json\/wp\/v2\/media\/2094"}],"wp:attachment":[{"href":"https:\/\/sergi-carbonell.com\/index.php\/wp-json\/wp\/v2\/media?parent=2093"}],"wp:term":[{"taxonomy":"product_cat","embeddable":true,"href":"https:\/\/sergi-carbonell.com\/index.php\/wp-json\/wp\/v2\/product_cat?post=2093"},{"taxonomy":"product_tag","embeddable":true,"href":"https:\/\/sergi-carbonell.com\/index.php\/wp-json\/wp\/v2\/product_tag?post=2093"}],"curies":[{"name":"wp","href":"https:\/\/api.w.org\/{rel}","templated":true}]}}