{"id":2008,"date":"2021-12-03T11:01:29","date_gmt":"2021-12-03T10:01:29","guid":{"rendered":"https:\/\/sergi-carbonell.com\/?post_type=product&#038;p=2008"},"modified":"2021-12-03T11:03:04","modified_gmt":"2021-12-03T10:03:04","slug":"disco-levedad-21-suspirs-descarga-digital","status":"publish","type":"product","link":"https:\/\/sergi-carbonell.com\/index.php\/es\/producto\/disco-levedad-21-suspirs-descarga-digital\/","title":{"rendered":"Disco Levedad (21 suspirs) Descarga digital"},"content":{"rendered":"<div class=\"wpb_text_column wpb_content_element \">\n<div class=\"wpb_wrapper\">\n<div dir=\"auto\">\n<p>Este disco nace acompa\u00f1ando 21 d\u00edas de ense\u00f1anzas de 21 Maestros. Un proyecto en el que cada d\u00eda se trabaja y se profundiza en las ense\u00f1anzas y el legado espiritual y filos\u00f3fico de estos Seres. Algunos han caminado entre nosotros y conocemos d\u00f3nde vivieron y su contexto hist\u00f3rico, y hay otros que no. Pero su sabidur\u00eda ha impregnado siglos de tradiciones, acompa\u00f1ando al desarrollo de esta humanidad.<br \/>\nCada canci\u00f3n habla de uno de estos Maestros. Y cada canci\u00f3n, como una peque\u00f1a flor, es una humilde ofrenda a cada uno de ellos.<\/p>\n<p>Si desea conocer el proyecto de \u201c21 MAESTROS\u201d puede pedir toda la informaci\u00f3n en este tel\u00e9fono:<br \/>\n+351 920 469 539<\/p>\n<\/div>\n<\/div>\n<\/div>\n","protected":false},"excerpt":{"rendered":"<p>Este disco nace acompa\u00f1ando 21 d\u00edas de ense\u00f1anzas de 21 Maestros. Un proyecto en el que cada d\u00eda se trabaja y se profundiza en las ense\u00f1anzas y el legado espiritual<a href=\"https:\/\/sergi-carbonell.com\/index.php\/es\/producto\/disco-levedad-21-suspirs-descarga-digital\/\" class=\"more-link\"><span class=\"readmore\">Continue reading<span class=\"screen-reader-text\">Disco Levedad (21 suspirs) Descarga digital<\/span><\/span><\/a><\/p>\n","protected":false},"featured_media":1961,"template":"","meta":{"spay_email":""},"product_cat":[91],"product_tag":[],"_links":{"self":[{"href":"https:\/\/sergi-carbonell.com\/index.php\/wp-json\/wp\/v2\/product\/2008"}],"collection":[{"href":"https:\/\/sergi-carbonell.com\/index.php\/wp-json\/wp\/v2\/product"}],"about":[{"href":"https:\/\/sergi-carbonell.com\/index.php\/wp-json\/wp\/v2\/types\/product"}],"wp:featuredmedia":[{"embeddable":true,"href":"https:\/\/sergi-carbonell.com\/index.php\/wp-json\/wp\/v2\/media\/1961"}],"wp:attachment":[{"href":"https:\/\/sergi-carbonell.com\/index.php\/wp-json\/wp\/v2\/media?parent=2008"}],"wp:term":[{"taxonomy":"product_cat","embeddable":true,"href":"https:\/\/sergi-carbonell.com\/index.php\/wp-json\/wp\/v2\/product_cat?post=2008"},{"taxonomy":"product_tag","embeddable":true,"href":"https:\/\/sergi-carbonell.com\/index.php\/wp-json\/wp\/v2\/product_tag?post=2008"}],"curies":[{"name":"wp","href":"https:\/\/api.w.org\/{rel}","templated":true}]}}