{"id":2007,"date":"2021-12-03T10:59:39","date_gmt":"2021-12-03T09:59:39","guid":{"rendered":"https:\/\/sergi-carbonell.com\/?post_type=product&#038;p=2007"},"modified":"2022-01-31T09:15:16","modified_gmt":"2022-01-31T08:15:16","slug":"disco-harmonia","status":"publish","type":"product","link":"https:\/\/sergi-carbonell.com\/index.php\/es\/producto\/disco-harmonia\/","title":{"rendered":"Disco Harmonia"},"content":{"rendered":"<p>Un trabajo que sorprende porque supone un viaje musical por las sutilezas de su piano y para su poes\u00eda emocional: Pura sensibilidad a piano solo. Un trabajo, pues, instrumental, que supone un refugio para un alma m\u00e1s acostumbrada a las multitudes ya los ritmos tumbaos y festivos, que en los momentos de soledad e introspecci\u00f3n. Como comenta el propio Carbonell en el libreto del disco, sentarse en el piano es &#8220;mirar adentro para intentar entender lo que pasa fuera&#8221;. Por eso <em>Harmonia<\/em> tiene a\u00fan m\u00e1s valor. Las canciones de <em>Harmonia<\/em> son sencillas, cargadas de magia. Diecis\u00e9is piezas que atraviesan la epidermis hasta llegar al coraz\u00f3n de sus oyentes.<\/p>\n<p>La palabra <em>Harmonia<\/em> deriva del nombre de una diosa de la mitolog\u00eda griega y significa acuerdo o concordancia. La <em>Harmonia,<\/em> por tanto, es el equilibrio de las proporciones entre las diferentes partes de un todo, y su resultado connota belleza.<\/p>\n","protected":false},"excerpt":{"rendered":"<p>Un trabajo que sorprende porque supone un viaje musical por las sutilezas de su piano y para su poes\u00eda emocional: Pura sensibilidad a piano solo. Un trabajo, pues, instrumental, que<a href=\"https:\/\/sergi-carbonell.com\/index.php\/es\/producto\/disco-harmonia\/\" class=\"more-link\"><span class=\"readmore\">Continue reading<span class=\"screen-reader-text\">Disco Harmonia<\/span><\/span><\/a><\/p>\n","protected":false},"featured_media":1943,"template":"","meta":{"spay_email":""},"product_cat":[91],"product_tag":[],"_links":{"self":[{"href":"https:\/\/sergi-carbonell.com\/index.php\/wp-json\/wp\/v2\/product\/2007"}],"collection":[{"href":"https:\/\/sergi-carbonell.com\/index.php\/wp-json\/wp\/v2\/product"}],"about":[{"href":"https:\/\/sergi-carbonell.com\/index.php\/wp-json\/wp\/v2\/types\/product"}],"wp:featuredmedia":[{"embeddable":true,"href":"https:\/\/sergi-carbonell.com\/index.php\/wp-json\/wp\/v2\/media\/1943"}],"wp:attachment":[{"href":"https:\/\/sergi-carbonell.com\/index.php\/wp-json\/wp\/v2\/media?parent=2007"}],"wp:term":[{"taxonomy":"product_cat","embeddable":true,"href":"https:\/\/sergi-carbonell.com\/index.php\/wp-json\/wp\/v2\/product_cat?post=2007"},{"taxonomy":"product_tag","embeddable":true,"href":"https:\/\/sergi-carbonell.com\/index.php\/wp-json\/wp\/v2\/product_tag?post=2007"}],"curies":[{"name":"wp","href":"https:\/\/api.w.org\/{rel}","templated":true}]}}