{"id":1942,"date":"2021-11-08T20:34:13","date_gmt":"2021-11-08T19:34:13","guid":{"rendered":"https:\/\/sergi-carbonell.com\/index.php\/producto\/hoodie-with-logo\/"},"modified":"2022-01-31T09:14:50","modified_gmt":"2022-01-31T08:14:50","slug":"hoodie-with-logo","status":"publish","type":"product","link":"https:\/\/sergi-carbonell.com\/index.php\/producto\/hoodie-with-logo\/","title":{"rendered":"Disc Harmonia"},"content":{"rendered":"<p>Un treball que sorpr\u00e8n perqu\u00e8 suposa un viatge musical per les subtileses del seu piano i per a la seva poesia emocional: Pura sensibilitat a piano solo. Un treball, doncs, instrumental, que suposa un refugi per una \u00e0nima m\u00e9s avesada a les multituds i als ritmes tumbaos i festius, que als moments de solitud i introspecci\u00f3. Com comenta el mateix Carbonell al llibret del disc, seure al piano \u00e9s \u201cmirar endins per intentar entendre el qu\u00e8 passa a fora\u201d. Per aix\u00f2 Harmonia t\u00e9 encara m\u00e9s valor. Les can\u00e7ons d\u2019Harmonia s\u00f3n senzilles, carregades de m\u00e0gia. Setze peces que travessen l\u2019epidermis fins arribar al cor dels seus oients.<\/p>\n<p>La paraula Harmonia deriva del nom d\u2019una deessa de la mitologia grega i significa acord o concordan\u00e7a. L\u2019Harmonia, doncs, \u00e9s l\u2019equilibri de les proporcions entre les diferents parts d\u2019un tot, i el seu resultat connota bellesa.<\/p>\n","protected":false},"excerpt":{"rendered":"<p>Un treball que sorpr\u00e8n perqu\u00e8 suposa un viatge musical per les subtileses del seu piano i per a la seva poesia emocional: Pura sensibilitat a piano solo. Un treball, doncs,<a href=\"https:\/\/sergi-carbonell.com\/index.php\/producto\/hoodie-with-logo\/\" class=\"more-link\"><span class=\"readmore\">Continue reading<span class=\"screen-reader-text\">Disc Harmonia<\/span><\/span><\/a><\/p>\n","protected":false},"featured_media":1943,"template":"","meta":{"spay_email":""},"product_cat":[95],"product_tag":[],"_links":{"self":[{"href":"https:\/\/sergi-carbonell.com\/index.php\/wp-json\/wp\/v2\/product\/1942"}],"collection":[{"href":"https:\/\/sergi-carbonell.com\/index.php\/wp-json\/wp\/v2\/product"}],"about":[{"href":"https:\/\/sergi-carbonell.com\/index.php\/wp-json\/wp\/v2\/types\/product"}],"wp:featuredmedia":[{"embeddable":true,"href":"https:\/\/sergi-carbonell.com\/index.php\/wp-json\/wp\/v2\/media\/1943"}],"wp:attachment":[{"href":"https:\/\/sergi-carbonell.com\/index.php\/wp-json\/wp\/v2\/media?parent=1942"}],"wp:term":[{"taxonomy":"product_cat","embeddable":true,"href":"https:\/\/sergi-carbonell.com\/index.php\/wp-json\/wp\/v2\/product_cat?post=1942"},{"taxonomy":"product_tag","embeddable":true,"href":"https:\/\/sergi-carbonell.com\/index.php\/wp-json\/wp\/v2\/product_tag?post=1942"}],"curies":[{"name":"wp","href":"https:\/\/api.w.org\/{rel}","templated":true}]}}