{"id":2234,"date":"2022-09-09T10:21:39","date_gmt":"2022-09-09T08:21:39","guid":{"rendered":"https:\/\/sergi-carbonell.com\/?page_id=2234"},"modified":"2024-01-29T10:30:48","modified_gmt":"2024-01-29T09:30:48","slug":"sergi-carbonell-2","status":"publish","type":"page","link":"https:\/\/sergi-carbonell.com\/index.php\/es\/sergi-carbonell-2\/","title":{"rendered":"Sergi Carbonell"},"content":{"rendered":"<p>[vc_row css=&#8221;.vc_custom_1664968272157{margin-left: 60px !important;}&#8221;][vc_column][vc_gallery type=&#8221;image_grid&#8221; images=&#8221;2465,2467,2466,2468&#8243; img_size=&#8221;medium&#8221;][\/vc_column][\/vc_row][vc_row][vc_column][vc_column_text]Es mi nuevo proyecto personal. Me gusta pensar en la m\u00fasica como espacio de encuentro. Un espacio donde compartir y aprender. Un espacio de libertad y creatividad. Tras la etapa con Txarango y despu\u00e9s de haber compuesto en medio cuatro discos en solitario de piano, sent\u00eda la necesidad de hacer cosas distintas. De transitar por nuevos caminos. Y en medio de esa b\u00fasqueda me encontr\u00e9, sin esperarlo, con mi voz. Como parte de ese aprendizaje vital nace este disco y esta nueva etapa.<\/p>\n<p>Canciones cercanas que se acercan al pop, pero siempre transitando por el world music. Yo en la guitarra y en la voz. Y todo un refugio para compartir.[\/vc_column_text][\/vc_column][\/vc_row][vc_row][vc_column][vc_video link=&#8221;https:\/\/youtu.be\/PY3sssK-VMI&#8221;][\/vc_column][\/vc_row][vc_row][vc_column width=&#8221;1\/2&#8243;][vc_video link=&#8221;https:\/\/youtu.be\/i1YNoeQDXL0?si=eIgjA8Oq1Pu9iAc2&#8243;][\/vc_column][vc_column width=&#8221;1\/2&#8243;][vc_video link=&#8221;https:\/\/www.youtube.com\/watch?v=mtiW9_DJ7ds&#038;ab_channel=SergiCarbonell&#8221;][\/vc_column][\/vc_row][vc_row][vc_column width=&#8221;1\/2&#8243;][vc_video link=&#8221;https:\/\/www.youtube.com\/watch?v=AAQxatZchiY&#038;ab_channel=SergiCarbonell&#8221;][\/vc_column][vc_column width=&#8221;1\/2&#8243;][vc_video link=&#8221;https:\/\/www.youtube.com\/watch?v=ZkSyOjmZ-SE&#038;ab_channel=SergiCarbonell&#8221;][\/vc_column][\/vc_row]<\/p>\n","protected":false},"excerpt":{"rendered":"<p>[vc_row css=&#8221;.vc_custom_1664968272157{margin-left: 60px !important;}&#8221;][vc_column][vc_gallery type=&#8221;image_grid&#8221; images=&#8221;2465,2467,2466,2468&#8243; img_size=&#8221;medium&#8221;][\/vc_column][\/vc_row][vc_row][vc_column][vc_column_text]Es mi nuevo proyecto personal. Me gusta pensar en la m\u00fasica como espacio de encuentro. Un espacio donde compartir y aprender. Un espacio de<a href=\"https:\/\/sergi-carbonell.com\/index.php\/es\/sergi-carbonell-2\/\" class=\"more-link\"><span class=\"readmore\">Continue reading<span class=\"screen-reader-text\">Sergi Carbonell<\/span><\/span><\/a><\/p>\n","protected":false},"author":1,"featured_media":0,"parent":0,"menu_order":0,"comment_status":"closed","ping_status":"closed","template":"","meta":{"spay_email":""},"_links":{"self":[{"href":"https:\/\/sergi-carbonell.com\/index.php\/wp-json\/wp\/v2\/pages\/2234"}],"collection":[{"href":"https:\/\/sergi-carbonell.com\/index.php\/wp-json\/wp\/v2\/pages"}],"about":[{"href":"https:\/\/sergi-carbonell.com\/index.php\/wp-json\/wp\/v2\/types\/page"}],"author":[{"embeddable":true,"href":"https:\/\/sergi-carbonell.com\/index.php\/wp-json\/wp\/v2\/users\/1"}],"replies":[{"embeddable":true,"href":"https:\/\/sergi-carbonell.com\/index.php\/wp-json\/wp\/v2\/comments?post=2234"}],"version-history":[{"count":7,"href":"https:\/\/sergi-carbonell.com\/index.php\/wp-json\/wp\/v2\/pages\/2234\/revisions"}],"predecessor-version":[{"id":2475,"href":"https:\/\/sergi-carbonell.com\/index.php\/wp-json\/wp\/v2\/pages\/2234\/revisions\/2475"}],"wp:attachment":[{"href":"https:\/\/sergi-carbonell.com\/index.php\/wp-json\/wp\/v2\/media?parent=2234"}],"curies":[{"name":"wp","href":"https:\/\/api.w.org\/{rel}","templated":true}]}}