{"id":2232,"date":"2022-09-09T10:21:22","date_gmt":"2022-09-09T08:21:22","guid":{"rendered":"https:\/\/sergi-carbonell.com\/?page_id=2232"},"modified":"2024-01-29T10:29:43","modified_gmt":"2024-01-29T09:29:43","slug":"sergi-carbonell","status":"publish","type":"page","link":"https:\/\/sergi-carbonell.com\/index.php\/sergi-carbonell\/","title":{"rendered":"Sergi Carbonell"},"content":{"rendered":"<p>[vc_row css=&#8221;.vc_custom_1664968299836{margin-left: 60px !important;}&#8221;][vc_column][vc_gallery type=&#8221;image_grid&#8221; images=&#8221;2470,2472,2471,2473&#8243; img_size=&#8221;medium&#8221;][\/vc_column][\/vc_row][vc_row][vc_column][vc_column_text]\u00c9s el meu nou projecte personal. M&#8217;agrada pensar en la m\u00fasica com un espai de trobada. Un espai on compartir i aprendre. Un espai de llibertat i creativitat. Despr\u00e9s de l&#8217;etapa amb Txarango i despr\u00e9s d&#8217;haver compost entremig quatre discos en solitari de piano, sentia la necessitat de fer coses diferents. De transitar per nou camins. I enmig d&#8217;aquesta recerca em vaig trobar, sense esperar-ho, amb la meva veu. Com a part d&#8217;aquest aprenentatge vital neix aquest disc i aquesta nova etapa.<\/p>\n<p>Can\u00e7ons properes que s&#8217;apropen al pop, per\u00f2\u00a0sempre transitant pel\u00a0<span class=\"hiddenSpellError\">world<\/span>\u00a0<span class=\"hiddenGreenError\">music<\/span>. Jo a la guitarra i a la veu. I tot un refugi per compartir.[\/vc_column_text][\/vc_column][\/vc_row][vc_row][vc_column][vc_video link=&#8221;https:\/\/youtu.be\/PY3sssK-VMI&#8221;][\/vc_column][\/vc_row][vc_row][vc_column width=&#8221;1\/2&#8243;][vc_video link=&#8221;https:\/\/youtu.be\/i1YNoeQDXL0?si=1_jclG1xua5VpnYc&#8221;][\/vc_column][vc_column width=&#8221;1\/2&#8243;][vc_video link=&#8221;https:\/\/www.youtube.com\/watch?v=mtiW9_DJ7ds&#038;ab_channel=SergiCarbonell&#8221;][\/vc_column][\/vc_row][vc_row][vc_column width=&#8221;1\/2&#8243;][vc_video link=&#8221;https:\/\/www.youtube.com\/watch?v=AAQxatZchiY&#038;ab_channel=SergiCarbonell&#8221;][\/vc_column][vc_column width=&#8221;1\/2&#8243;][vc_video link=&#8221;https:\/\/www.youtube.com\/watch?v=ZkSyOjmZ-SE&#038;ab_channel=SergiCarbonell&#8221;][\/vc_column][\/vc_row][vc_row][vc_column width=&#8221;1\/2&#8243;][\/vc_column][\/vc_row]<\/p>\n","protected":false},"excerpt":{"rendered":"<p>[vc_row css=&#8221;.vc_custom_1664968299836{margin-left: 60px !important;}&#8221;][vc_column][vc_gallery type=&#8221;image_grid&#8221; images=&#8221;2470,2472,2471,2473&#8243; img_size=&#8221;medium&#8221;][\/vc_column][\/vc_row][vc_row][vc_column][vc_column_text]\u00c9s el meu nou projecte personal. M&#8217;agrada pensar en la m\u00fasica com un espai de trobada. Un espai on compartir i aprendre. Un espai<a href=\"https:\/\/sergi-carbonell.com\/index.php\/sergi-carbonell\/\" class=\"more-link\"><span class=\"readmore\">Continue reading<span class=\"screen-reader-text\">Sergi Carbonell<\/span><\/span><\/a><\/p>\n","protected":false},"author":1,"featured_media":0,"parent":0,"menu_order":0,"comment_status":"closed","ping_status":"closed","template":"","meta":{"spay_email":""},"_links":{"self":[{"href":"https:\/\/sergi-carbonell.com\/index.php\/wp-json\/wp\/v2\/pages\/2232"}],"collection":[{"href":"https:\/\/sergi-carbonell.com\/index.php\/wp-json\/wp\/v2\/pages"}],"about":[{"href":"https:\/\/sergi-carbonell.com\/index.php\/wp-json\/wp\/v2\/types\/page"}],"author":[{"embeddable":true,"href":"https:\/\/sergi-carbonell.com\/index.php\/wp-json\/wp\/v2\/users\/1"}],"replies":[{"embeddable":true,"href":"https:\/\/sergi-carbonell.com\/index.php\/wp-json\/wp\/v2\/comments?post=2232"}],"version-history":[{"count":6,"href":"https:\/\/sergi-carbonell.com\/index.php\/wp-json\/wp\/v2\/pages\/2232\/revisions"}],"predecessor-version":[{"id":2474,"href":"https:\/\/sergi-carbonell.com\/index.php\/wp-json\/wp\/v2\/pages\/2232\/revisions\/2474"}],"wp:attachment":[{"href":"https:\/\/sergi-carbonell.com\/index.php\/wp-json\/wp\/v2\/media?parent=2232"}],"curies":[{"name":"wp","href":"https:\/\/api.w.org\/{rel}","templated":true}]}}