{"id":1908,"date":"2021-06-03T20:27:27","date_gmt":"2021-06-03T18:27:27","guid":{"rendered":"http:\/\/sergi-carbonell.com\/?page_id=1908"},"modified":"2024-01-29T10:38:10","modified_gmt":"2024-01-29T09:38:10","slug":"1908-2","status":"publish","type":"page","link":"https:\/\/sergi-carbonell.com\/index.php\/es\/1908-2\/","title":{"rendered":"Live Sessions"},"content":{"rendered":"<p>[vc_row][vc_column][vc_single_image image=&#8221;2486&#8243; img_size=&#8221;large&#8221;][vc_column_text]Como un paso m\u00e1s en el camino de experimentaci\u00f3n con la m\u00fasica, me apeteci\u00f3 grabar varios temas en formato de directo, rode\u00e1ndome de diferentes m\u00fasicos a quien admiro y aprecio. Algunas versiones de canciones que me gustan y algunos temas propios que me apetec\u00eda compartir.<\/p>\n<p>Jugando, compartiendo, aprendiendo, dando y recibiendo vamos haciendo camino. En la m\u00fasica y en la vida.[\/vc_column_text][vc_column_text css=&#8221;.vc_custom_1639301501021{margin-top: 70px !important;margin-left: 20px !important;}&#8221;][\/vc_column_text][\/vc_column][\/vc_row][vc_row][vc_column][vc_column_text]<\/p>\n<h1 style=\"text-align: center;\"><span style=\"color: #800080;\">LIVE SESSION 4<\/span><\/h1>\n<p>[\/vc_column_text][\/vc_column][\/vc_row][vc_row][vc_column][vc_column_text css=&#8221;.vc_custom_1662711015383{margin-top: 70px !important;margin-left: 0px !important;}&#8221;]<\/p>\n<h3 class=\"p1\"><\/h3>\n<h3 class=\"style-scope ytd-watch-metadata\" style=\"text-align: center;\">Fix you feat. Cor Safari (Coldplay Cover)<\/h3>\n<p>[\/vc_column_text][\/vc_column][\/vc_row][vc_row][vc_column][vc_video link=&#8221;https:\/\/www.youtube.com\/watch?v=XXsDDgtV2cc&#038;list=PLXx29sYjWSLB-3HJMyiGOD2WK0S00nBFO&#038;index=1&#038;ab_channel=SergiCarbonell&#8221;][\/vc_column][\/vc_row][vc_row][vc_column][vc_column_text css=&#8221;.vc_custom_1662711076154{margin-top: 70px !important;margin-left: 0px !important;}&#8221;]<\/p>\n<h3 class=\"style-scope ytd-watch-metadata\" style=\"text-align: center;\">Agua (Jarabe de Palo Cover)<\/h3>\n<h3 class=\"p1\"><\/h3>\n<p>[\/vc_column_text][\/vc_column][\/vc_row][vc_row][vc_column][vc_video link=&#8221;https:\/\/www.youtube.com\/watch?v=t8gF5AaSLgw&#038;list=PLXx29sYjWSLB-3HJMyiGOD2WK0S00nBFO&#038;index=2&#038;ab_channel=SergiCarbonell&#8221;][\/vc_column][\/vc_row][vc_row][vc_column][vc_column_text css=&#8221;.vc_custom_1662711121068{margin-top: 70px !important;margin-left: 0px !important;}&#8221;]<\/p>\n<h3 class=\"p1\"><\/h3>\n<div id=\"title\" class=\"style-scope ytd-watch-metadata\">\n<h3 class=\"style-scope ytd-watch-metadata\" style=\"text-align: center;\">Gracias a la vida (Violeta Parra Cover)<\/h3>\n<\/div>\n<div id=\"top-row\" class=\"style-scope ytd-watch-metadata\">\n<div id=\"description\" class=\"item style-scope ytd-watch-metadata\"><\/div>\n<\/div>\n<p>[\/vc_column_text][\/vc_column][\/vc_row][vc_row][vc_column][vc_video link=&#8221;https:\/\/www.youtube.com\/watch?v=gG1lpyNwyxc&#038;list=PLXx29sYjWSLB-3HJMyiGOD2WK0S00nBFO&#038;index=3&#038;ab_channel=SergiCarbonell&#8221;][\/vc_column][\/vc_row][vc_row][vc_column][vc_column_text css=&#8221;.vc_custom_1662711159905{margin-top: 70px !important;margin-left: 0px !important;}&#8221;]<\/p>\n<h3 class=\"p1\"><\/h3>\n<h3 class=\"style-scope ytd-watch-metadata\" style=\"text-align: center;\">Et recordo (Txarango Cover)<\/h3>\n<p>[\/vc_column_text][\/vc_column][\/vc_row][vc_row][vc_column][vc_video link=&#8221;https:\/\/www.youtube.com\/watch?v=m0nVAnT3FgA&#038;list=PLXx29sYjWSLB-3HJMyiGOD2WK0S00nBFO&#038;index=4&#038;ab_channel=SergiCarbonell&#8221;][\/vc_column][\/vc_row][vc_row css=&#8221;.vc_custom_1639301775980{margin-top: 70px !important;}&#8221;][vc_column][vc_zigzag][\/vc_column][\/vc_row][vc_row css=&#8221;.vc_custom_1662710866824{margin-top: 70px !important;}&#8221;][vc_column][vc_column_text]<\/p>\n<h1 style=\"text-align: center;\"><span style=\"color: #800080;\">LIVE SESSION 3<\/span><\/h1>\n<p>[\/vc_column_text][\/vc_column][\/vc_row][vc_row][vc_column][vc_column_text css=&#8221;.vc_custom_1662710895561{margin-top: 70px !important;margin-left: 0px !important;}&#8221;]<\/p>\n<h3 class=\"p1\" style=\"text-align: center;\">Zamba del olvido (Jorge Drexler Cover)<\/h3>\n<p>[\/vc_column_text][\/vc_column][\/vc_row][vc_row][vc_column][vc_video link=&#8221;https:\/\/www.youtube.com\/watch?v=U8hhdSudEY4&#038;ab_channel=SergiCarbonell&#8221;][\/vc_column][\/vc_row][vc_row][vc_column][vc_column_text css=&#8221;.vc_custom_1640081039940{margin-top: 70px !important;margin-left: 0px !important;}&#8221;]<\/p>\n<h3 class=\"p1\">\u00a0 \u00a0 \u00a0 \u00a0 \u00a0 \u00a0 \u00a0 \u00a0 \u00a0 \u00a0 \u00a0 \u00a0 \u00a0El fugitiu (Xerramqu Tiquismiquis Cover)<\/h3>\n<p>[\/vc_column_text][\/vc_column][\/vc_row][vc_row][vc_column][vc_video link=&#8221;https:\/\/www.youtube.com\/watch?v=WoqFy6TecV8&#038;ab_channel=SergiCarbonell&#8221;][\/vc_column][\/vc_row][vc_row][vc_column][vc_column_text css=&#8221;.vc_custom_1639301690596{margin-top: 70px !important;margin-left: 0px !important;}&#8221;]<\/p>\n<h3 class=\"p1\">\u00a0 \u00a0 \u00a0 \u00a0 \u00a0 \u00a0 \u00a0 \u00a0 \u00a0 \u00a0 \u00a0 \u00a0 \u00a0 \u00a0 \u00a0 \u00a0 \u00a0 \u00a0 \u00a0 \u00a0Rin Rin (El Kanka Cover)<\/h3>\n<p>[\/vc_column_text][\/vc_column][\/vc_row][vc_row][vc_column][vc_video link=&#8221;https:\/\/www.youtube.com\/watch?v=2N3N1szZ0PU&#038;ab_channel=SergiCarbonell&#8221;][\/vc_column][\/vc_row][vc_row css=&#8221;.vc_custom_1639301775980{margin-top: 70px !important;}&#8221;][vc_column][vc_zigzag][\/vc_column][\/vc_row][vc_row css=&#8221;.vc_custom_1639301764973{margin-top: 70px !important;}&#8221;][vc_column][vc_column_text]<\/p>\n<h1 style=\"text-align: center;\"><span style=\"color: #800080;\">LIVE SESSION 2<\/span><\/h1>\n<p>[\/vc_column_text][\/vc_column][\/vc_row][vc_row][vc_column][vc_column_text css=&#8221;.vc_custom_1639301875393{margin-top: 70px !important;margin-left: 0px !important;}&#8221;]<\/p>\n<h3 class=\"p1\">\u00a0 \u00a0 \u00a0 \u00a0 \u00a0 \u00a0 \u00a0 \u00a0 \u00a0 \u00a0 \u00a0 \u00a0 \u00a0 \u00a0 \u00a0 \u00a0 \u00a0 \u00a0 \u00a0 \u00a0 \u00a0 \u00a0 \u00a0 \u00a0 Desaprenent<\/h3>\n<p>[\/vc_column_text][\/vc_column][\/vc_row][vc_row][vc_column][vc_video link=&#8221;https:\/\/www.youtube.com\/watch?v=BpscoKWQPKs&#038;t=7s&#8221;][\/vc_column][\/vc_row][vc_row][vc_column][vc_column_text css=&#8221;.vc_custom_1639301905971{margin-top: 70px !important;margin-left: 0px !important;}&#8221;]<\/p>\n<h3 class=\"p1\">\u00a0 \u00a0 \u00a0 \u00a0 \u00a0 Abril del 74 feat. Gemma Humet (Llu\u00eds Llach Cover)<\/h3>\n<p>[\/vc_column_text][\/vc_column][\/vc_row][vc_row][vc_column][vc_video link=&#8221;https:\/\/www.youtube.com\/watch?v=NmgQmibNUkY&#038;t=185s&#8221;][\/vc_column][\/vc_row][vc_row][vc_column][vc_column_text css=&#8221;.vc_custom_1639301932648{margin-top: 70px !important;margin-left: 0px !important;}&#8221;]<\/p>\n<h3 class=\"p1\">\u00a0 \u00a0 \u00a0 \u00a0 \u00a0 \u00a0 \u00a0 \u00a0 \u00a0Dulcito e coco feat. Sisco (Vicente Garcia Cover)<\/h3>\n<p>[\/vc_column_text][\/vc_column][\/vc_row][vc_row][vc_column][vc_video link=&#8221;https:\/\/www.youtube.com\/watch?v=ZcOOSv4A26U&#8221;][\/vc_column][\/vc_row][vc_row][vc_column][vc_column_text css=&#8221;.vc_custom_1639301957975{margin-top: 70px !important;margin-left: 0px !important;}&#8221;]<\/p>\n<h3 class=\"p1\">\u00a0 \u00a0 \u00a0 \u00a0 \u00a0 \u00a0 \u00a0 \u00a0 \u00a0 El cuarto de Tula (Buenavista Social Club Cover)<\/h3>\n<p>[\/vc_column_text][\/vc_column][\/vc_row][vc_row][vc_column][vc_video link=&#8221;https:\/\/www.youtube.com\/watch?v=svGCSAxR63w&#8221;][\/vc_column][\/vc_row][vc_row css=&#8221;.vc_custom_1639301775980{margin-top: 70px !important;}&#8221;][vc_column][vc_zigzag][\/vc_column][\/vc_row][vc_row css=&#8221;.vc_custom_1639301764973{margin-top: 70px !important;}&#8221;][vc_column][vc_column_text]<\/p>\n<h1 style=\"text-align: center;\"><span style=\"color: #800080;\">LIVE SESSION 1<\/span><\/h1>\n<p>[\/vc_column_text][\/vc_column][\/vc_row][vc_row][vc_column][vc_column_text css=&#8221;.vc_custom_1639301537807{margin-top: 70px !important;margin-left: 0px !important;}&#8221;]<\/p>\n<h3 class=\"p1\">\u00a0 \u00a0 \u00a0 \u00a0 \u00a0 \u00a0 \u00a0 \u00a0 \u00a0 \u00a0 Siempre estoy so\u00f1ando (Fito&amp;Fitipaldis Cover)<\/h3>\n<p>[\/vc_column_text][\/vc_column][\/vc_row][vc_row][vc_column][vc_video link=&#8221;https:\/\/www.youtube.com\/watch?v=r-lzil9ndSY&#8221;][vc_column_text css=&#8221;.vc_custom_1639301978113{margin-top: 70px !important;margin-left: 20px !important;}&#8221;]<\/p>\n<h3 class=\"p1\">Zamba del emigrante feat. Raquel Lua (Ismael Serrano Cover)<\/h3>\n<p>[\/vc_column_text][\/vc_column][\/vc_row][vc_row][vc_column][vc_video link=&#8221;https:\/\/www.youtube.com\/watch?v=gURbAOm6NvE&#8221;][\/vc_column][\/vc_row][vc_row][vc_column][vc_column_text css=&#8221;.vc_custom_1639302016272{margin-top: 70px !important;margin-left: 20px !important;}&#8221;]<\/p>\n<h3 class=\"p1\">\u00a0 \u00a0 \u00a0 \u00a0 \u00a0 \u00a0 \u00a0 \u00a0Flor de primavera (La Troba Kung-F\u00fa Cover)<\/h3>\n<p>[\/vc_column_text][\/vc_column][\/vc_row][vc_row][vc_column][vc_video link=&#8221;https:\/\/youtu.be\/eEp7wxi75MU&#8221;][\/vc_column][\/vc_row][vc_row][vc_column][vc_column_text css=&#8221;.vc_custom_1639302044404{margin-top: 70px !important;margin-left: 200px !important;}&#8221;]<\/p>\n<h3 class=\"p1\">\u00a0 \u00a0 \u00a0 \u00a0 \u00a0 \u00a0 \u00a0 \u00a0 \u00a0 \u00a0 Si et quedes amb mi<\/h3>\n<p>[\/vc_column_text][\/vc_column][\/vc_row][vc_row][vc_column][vc_video link=&#8221;https:\/\/www.youtube.com\/watch?v=cXqeTpfxqmY&#038;t=1s&#8221;][\/vc_column][\/vc_row]<\/p>\n","protected":false},"excerpt":{"rendered":"<p>[vc_row][vc_column][vc_single_image image=&#8221;2486&#8243; img_size=&#8221;large&#8221;][vc_column_text]Como un paso m\u00e1s en el camino de experimentaci\u00f3n con la m\u00fasica, me apeteci\u00f3 grabar varios temas en formato de directo, rode\u00e1ndome de diferentes m\u00fasicos a quien admiro<a href=\"https:\/\/sergi-carbonell.com\/index.php\/es\/1908-2\/\" class=\"more-link\"><span class=\"readmore\">Continue reading<span class=\"screen-reader-text\">Live Sessions<\/span><\/span><\/a><\/p>\n","protected":false},"author":1,"featured_media":0,"parent":0,"menu_order":0,"comment_status":"closed","ping_status":"closed","template":"","meta":{"spay_email":""},"_links":{"self":[{"href":"https:\/\/sergi-carbonell.com\/index.php\/wp-json\/wp\/v2\/pages\/1908"}],"collection":[{"href":"https:\/\/sergi-carbonell.com\/index.php\/wp-json\/wp\/v2\/pages"}],"about":[{"href":"https:\/\/sergi-carbonell.com\/index.php\/wp-json\/wp\/v2\/types\/page"}],"author":[{"embeddable":true,"href":"https:\/\/sergi-carbonell.com\/index.php\/wp-json\/wp\/v2\/users\/1"}],"replies":[{"embeddable":true,"href":"https:\/\/sergi-carbonell.com\/index.php\/wp-json\/wp\/v2\/comments?post=1908"}],"version-history":[{"count":11,"href":"https:\/\/sergi-carbonell.com\/index.php\/wp-json\/wp\/v2\/pages\/1908\/revisions"}],"predecessor-version":[{"id":2487,"href":"https:\/\/sergi-carbonell.com\/index.php\/wp-json\/wp\/v2\/pages\/1908\/revisions\/2487"}],"wp:attachment":[{"href":"https:\/\/sergi-carbonell.com\/index.php\/wp-json\/wp\/v2\/media?parent=1908"}],"curies":[{"name":"wp","href":"https:\/\/api.w.org\/{rel}","templated":true}]}}