{"id":1698,"date":"2020-11-05T19:23:00","date_gmt":"2020-11-05T18:23:00","guid":{"rendered":"http:\/\/sergi-carbonell.com\/?page_id=1698"},"modified":"2024-01-29T10:45:21","modified_gmt":"2024-01-29T09:45:21","slug":"contact","status":"publish","type":"page","link":"https:\/\/sergi-carbonell.com\/index.php\/en\/contact\/","title":{"rendered":"CONTACT"},"content":{"rendered":"<p>[vc_row][vc_column][vc_column_text css=&#8221;.vc_custom_1659023541514{margin-bottom: 200px !important;}&#8221;]<\/p>\n<p style=\"text-align: center;\"><img loading=\"lazy\" class=\"alignnone size-medium wp-image-2224\" src=\"http:\/\/sergi-carbonell.com\/wp-content\/uploads\/2022\/07\/logo-exits-bo-2-300x174.png\" alt=\"\" width=\"300\" height=\"174\" srcset=\"https:\/\/sergi-carbonell.com\/wp-content\/uploads\/2022\/07\/logo-exits-bo-2-300x174.png 300w, https:\/\/sergi-carbonell.com\/wp-content\/uploads\/2022\/07\/logo-exits-bo-2-1024x593.png 1024w, https:\/\/sergi-carbonell.com\/wp-content\/uploads\/2022\/07\/logo-exits-bo-2-768x444.png 768w, https:\/\/sergi-carbonell.com\/wp-content\/uploads\/2022\/07\/logo-exits-bo-2-1536x889.png 1536w, https:\/\/sergi-carbonell.com\/wp-content\/uploads\/2022\/07\/logo-exits-bo-2-2048x1185.png 2048w, https:\/\/sergi-carbonell.com\/wp-content\/uploads\/2022\/07\/logo-exits-bo-2-1320x764.png 1320w, https:\/\/sergi-carbonell.com\/wp-content\/uploads\/2022\/07\/logo-exits-bo-2-600x347.png 600w\" sizes=\"(max-width: 300px) 100vw, 300px\" \/><\/p>\n<p style=\"text-align: center;\"><em><strong>Contractaci\u00f3:<\/strong><\/em><\/p>\n<p style=\"text-align: center;\">Ixent Sampietro<br \/>\n+34 629 372 805<br \/>\n+34 93 407 38 38<br \/>\nixent@exits.cat<\/p>\n<p>&nbsp;<\/p>\n<p style=\"text-align: center;\"><img loading=\"lazy\" class=\"alignnone wp-image-2225\" style=\"font-size: 1rem;\" src=\"http:\/\/sergi-carbonell.com\/wp-content\/uploads\/2022\/07\/Logotip_Halley_Records-2-300x227.jpeg\" alt=\"\" width=\"144\" height=\"109\" srcset=\"https:\/\/sergi-carbonell.com\/wp-content\/uploads\/2022\/07\/Logotip_Halley_Records-2-300x227.jpeg 300w, https:\/\/sergi-carbonell.com\/wp-content\/uploads\/2022\/07\/Logotip_Halley_Records-2.jpeg 352w\" sizes=\"(max-width: 144px) 100vw, 144px\" \/><\/p>\n<p style=\"text-align: center;\"><em><strong>Premsa i comunicaci\u00f3:<\/strong><\/em><\/p>\n<p style=\"text-align: center;\">Marc Isern<br \/>\n+34 649 300 605<br \/>\nmarc@halleyrecords.com<\/p>\n<p style=\"text-align: center;\"><em><strong>Discogr\u00e0fica i editorial:<\/strong><\/em><\/p>\n<p style=\"text-align: center;\">Maria Blay<br \/>\n+34 686 139 695<br \/>\nmaria@halleyrecords.com[\/vc_column_text][\/vc_column][\/vc_row][vc_row][vc_column][vc_single_image image=&#8221;2495&#8243; img_size=&#8221;3000&#215;2000&#8243; add_caption=&#8221;yes&#8221; style=&#8221;vc_box_shadow&#8221;][\/vc_column][\/vc_row]<\/p>\n","protected":false},"excerpt":{"rendered":"<p>[vc_row][vc_column][vc_column_text css=&#8221;.vc_custom_1659023541514{margin-bottom: 200px !important;}&#8221;] Contractaci\u00f3: Ixent Sampietro +34 629 372 805 +34 93 407 38 38 ixent@exits.cat &nbsp; Premsa i comunicaci\u00f3: Marc Isern +34 649 300 605 marc@halleyrecords.com Discogr\u00e0fica i<a href=\"https:\/\/sergi-carbonell.com\/index.php\/en\/contact\/\" class=\"more-link\"><span class=\"readmore\">Continue reading<span class=\"screen-reader-text\">CONTACT<\/span><\/span><\/a><\/p>\n","protected":false},"author":1,"featured_media":0,"parent":0,"menu_order":0,"comment_status":"closed","ping_status":"closed","template":"","meta":{"spay_email":""},"_links":{"self":[{"href":"https:\/\/sergi-carbonell.com\/index.php\/wp-json\/wp\/v2\/pages\/1698"}],"collection":[{"href":"https:\/\/sergi-carbonell.com\/index.php\/wp-json\/wp\/v2\/pages"}],"about":[{"href":"https:\/\/sergi-carbonell.com\/index.php\/wp-json\/wp\/v2\/types\/page"}],"author":[{"embeddable":true,"href":"https:\/\/sergi-carbonell.com\/index.php\/wp-json\/wp\/v2\/users\/1"}],"replies":[{"embeddable":true,"href":"https:\/\/sergi-carbonell.com\/index.php\/wp-json\/wp\/v2\/comments?post=1698"}],"version-history":[{"count":6,"href":"https:\/\/sergi-carbonell.com\/index.php\/wp-json\/wp\/v2\/pages\/1698\/revisions"}],"predecessor-version":[{"id":2496,"href":"https:\/\/sergi-carbonell.com\/index.php\/wp-json\/wp\/v2\/pages\/1698\/revisions\/2496"}],"wp:attachment":[{"href":"https:\/\/sergi-carbonell.com\/index.php\/wp-json\/wp\/v2\/media?parent=1698"}],"curies":[{"name":"wp","href":"https:\/\/api.w.org\/{rel}","templated":true}]}}