{"id":1682,"date":"2020-11-05T19:15:22","date_gmt":"2020-11-05T18:15:22","guid":{"rendered":"http:\/\/sergi-carbonell.com\/?page_id=1682"},"modified":"2021-12-03T16:56:01","modified_gmt":"2021-12-03T15:56:01","slug":"els-carbonell-2","status":"publish","type":"page","link":"https:\/\/sergi-carbonell.com\/index.php\/es\/els-carbonell-2\/","title":{"rendered":"Els Carbonell"},"content":{"rendered":"<p>[vc_row][vc_column width=&#8221;1\/2&#8243;][vc_column_text]<\/p>\n<div dir=\"auto\">Espect\u00e1culo de poes\u00eda y m\u00fasica de peque\u00f1o formato, creado por Sergi Carbonell y su padre, el director y profesor de teatro Janot Carbonell.<br \/>\nA trav\u00e9s de los momentos destacados de sus vidas hacen un repaso a poemas y canciones que han acompa\u00f1ado todas aquellas vivencias. Lorca, Mart\u00ed i Pol, Estell\u00e9s, Maria Merc\u00e8 Mar\u00e7al, Llach, Emel Mathlouthi, Galeano o Silvio Rodriguez, son algunos de los autores que en forman parte.<br \/>\nInseparable la vertiente humana y la social, poemas y canciones llenas de compromiso y sensibilidad.<\/div>\n<div dir=\"auto\">Acompa\u00f1ados en el escenario por Joan Pal\u00e0 a la percusi\u00f3n y Pau Castellv\u00ed a la guitarra y el bajo.<\/div>\n<p>[\/vc_column_text][\/vc_column][vc_column width=&#8221;1\/2&#8243;][vc_single_image image=&#8221;2071&#8243; img_size=&#8221;large&#8221; style=&#8221;vc_box_shadow&#8221;][\/vc_column][\/vc_row][vc_row css=&#8221;.vc_custom_1604757159026{margin-top: 50px !important;}&#8221;][vc_column][vc_video link=&#8221;https:\/\/youtu.be\/dOwJ1Tp7hkw&#8221;][\/vc_column][\/vc_row]<\/p>\n","protected":false},"excerpt":{"rendered":"<p>[vc_row][vc_column width=&#8221;1\/2&#8243;][vc_column_text] Espect\u00e1culo de poes\u00eda y m\u00fasica de peque\u00f1o formato, creado por Sergi Carbonell y su padre, el director y profesor de teatro Janot Carbonell. A trav\u00e9s de los momentos<a href=\"https:\/\/sergi-carbonell.com\/index.php\/es\/els-carbonell-2\/\" class=\"more-link\"><span class=\"readmore\">Continue reading<span class=\"screen-reader-text\">Els Carbonell<\/span><\/span><\/a><\/p>\n","protected":false},"author":1,"featured_media":0,"parent":0,"menu_order":0,"comment_status":"closed","ping_status":"closed","template":"","meta":{"spay_email":""},"_links":{"self":[{"href":"https:\/\/sergi-carbonell.com\/index.php\/wp-json\/wp\/v2\/pages\/1682"}],"collection":[{"href":"https:\/\/sergi-carbonell.com\/index.php\/wp-json\/wp\/v2\/pages"}],"about":[{"href":"https:\/\/sergi-carbonell.com\/index.php\/wp-json\/wp\/v2\/types\/page"}],"author":[{"embeddable":true,"href":"https:\/\/sergi-carbonell.com\/index.php\/wp-json\/wp\/v2\/users\/1"}],"replies":[{"embeddable":true,"href":"https:\/\/sergi-carbonell.com\/index.php\/wp-json\/wp\/v2\/comments?post=1682"}],"version-history":[{"count":8,"href":"https:\/\/sergi-carbonell.com\/index.php\/wp-json\/wp\/v2\/pages\/1682\/revisions"}],"predecessor-version":[{"id":2072,"href":"https:\/\/sergi-carbonell.com\/index.php\/wp-json\/wp\/v2\/pages\/1682\/revisions\/2072"}],"wp:attachment":[{"href":"https:\/\/sergi-carbonell.com\/index.php\/wp-json\/wp\/v2\/media?parent=1682"}],"curies":[{"name":"wp","href":"https:\/\/api.w.org\/{rel}","templated":true}]}}