{"id":1680,"date":"2020-11-05T19:14:47","date_gmt":"2020-11-05T18:14:47","guid":{"rendered":"http:\/\/sergi-carbonell.com\/?page_id=1680"},"modified":"2022-02-01T09:41:57","modified_gmt":"2022-02-01T08:41:57","slug":"piano-solo-2","status":"publish","type":"page","link":"https:\/\/sergi-carbonell.com\/index.php\/es\/piano-solo-2\/","title":{"rendered":"Piano Solo"},"content":{"rendered":"<p>[vc_row][vc_column width=&#8221;1\/2&#8243;][vc_single_image image=&#8221;2065&#8243; img_size=&#8221;400&#215;300&#8243; style=&#8221;vc_box_shadow&#8221;][\/vc_column][vc_column width=&#8221;1\/2&#8243; css=&#8221;.vc_custom_1604758711083{margin-top: 60px !important;}&#8221;][vc_column_text]<\/p>\n<div dir=\"auto\">Mi proyecto m\u00e1s \u00edntimo y personal. Un refugio en medio de este mundo que a veces parece que vaya tan y tan r\u00e1pido.<br \/>\nUn espacio donde detenerse, donde poder respirar, donde parar el Tiempo &#8230; Un viaje musical por las sutilezas de mi piano y por mi poes\u00eda emocional.<\/div>\n<p>[\/vc_column_text][\/vc_column][\/vc_row][vc_row css=&#8221;.vc_custom_1604759205912{margin-top: 130px !important;}&#8221;][vc_column][vc_column_text]<\/p>\n<h3>Ubuntu, 2022<\/h3>\n<p>[\/vc_column_text][\/vc_column][\/vc_row][vc_row css=&#8221;.vc_custom_1604759182994{margin-top: 70px !important;}&#8221;][vc_column width=&#8221;1\/2&#8243;][vc_single_image image=&#8221;2085&#8243; img_size=&#8221;450&#215;450&#8243; style=&#8221;vc_box_shadow&#8221;][\/vc_column][vc_column width=&#8221;1\/2&#8243; css=&#8221;.vc_custom_1604759125467{margin-top: 20px !important;}&#8221;][vc_column_text css=&#8221;.vc_custom_1638529018365{margin-top: 60px !important;}&#8221;]<\/p>\n<div class=\"aP0iDg _8wgmBA\">\n<div class=\"CSQ61Q fxHT8Q JgN_fQ\">\n<div class=\"_-EO8Jw\">\n<div>\n<div class=\"_3stTEQ imh8lg\" lang=\"es-ES\">\n<p class=\"ok-Wdg UPenfA RVfbug\"><span class=\"S1PPyQ\">\u00c9ste es mi 4\u00ba disco de piano. Esta vez he querido ir un paso m\u00e1s all\u00e1, y en este camino de investigaci\u00f3n y aprendizaje he querido acompa\u00f1ar mi piano con un cuarteto de cuerda. Las canciones ya han estado compuestas pensando en este formato, y esto me ha permitido trabajar el proceso de composici\u00f3n desde otro prisma y desde otros puntos de vista.<\/span><\/p>\n<\/div>\n<\/div>\n<\/div>\n<\/div>\n<\/div>\n<div class=\"aP0iDg _8wgmBA\">\n<div class=\"CSQ61Q fxHT8Q JgN_fQ\">\n<div class=\"_-EO8Jw\">\n<div>\n<div class=\"_3stTEQ imh8lg\" lang=\"es-ES\">\n<p class=\"ok-Wdg UPenfA RVfbug\"><span class=\"S1PPyQ\">De ese movimiento musical, de esa conversaci\u00f3n entre el piano y los cuatro instrumentos de cuerda nace &#8220;Ubuntu&#8221;.<\/span><\/p>\n<\/div>\n<\/div>\n<\/div>\n<\/div>\n<\/div>\n<p>[\/vc_column_text][vc_column_text][\/vc_column_text][\/vc_column][\/vc_row][vc_row][vc_column][vc_video link=&#8221;https:\/\/www.youtube.com\/watch?v=JDLUetmQ0r8&#038;ab_channel=SergiCarbonell&#8221;][\/vc_column][\/vc_row][vc_row css=&#8221;.vc_custom_1604759383646{margin-top: 70px !important;}&#8221;][vc_column][vc_raw_html css=&#8221;.vc_custom_1643704905544{border-radius: 1px !important;}&#8221;]JTNDaWZyYW1lJTIwc3JjJTNEJTIyaHR0cHMlM0ElMkYlMkZvcGVuLnNwb3RpZnkuY29tJTJGZW1iZWQlMkZhbGJ1bSUyRjIwbnNoUWVvbXFaTUF5Y1VRQ1UxTkIlM0Z1dG1fc291cmNlJTNEZ2VuZXJhdG9yJTIyJTIwd2lkdGglM0QlMjIxMDAlMjUlMjIlMjBoZWlnaHQlM0QlMjI4MCUyMiUyMGZyYW1lQm9yZGVyJTNEJTIyMCUyMiUyMGFsbG93ZnVsbHNjcmVlbiUzRCUyMiUyMiUyMGFsbG93JTNEJTIyYXV0b3BsYXklM0IlMjBjbGlwYm9hcmQtd3JpdGUlM0IlMjBlbmNyeXB0ZWQtbWVkaWElM0IlMjBmdWxsc2NyZWVuJTNCJTIwcGljdHVyZS1pbi1waWN0dXJlJTIyJTNFJTNDJTJGaWZyYW1lJTNF[\/vc_raw_html][\/vc_column][\/vc_row][vc_row css=&#8221;.vc_custom_1604759708078{margin-top: 50px !important;}&#8221;][vc_column][vc_separator style=&#8221;shadow&#8221; border_width=&#8221;3&#8243; css_animation=&#8221;fadeIn&#8221;][\/vc_column][\/vc_row][vc_row css=&#8221;.vc_custom_1638528941308{margin-top: 70px !important;}&#8221;][vc_column][vc_column_text]<\/p>\n<h3>Levedad (21 suspirs), 2020<\/h3>\n<p>[\/vc_column_text][\/vc_column][\/vc_row][vc_row css=&#8221;.vc_custom_1604759182994{margin-top: 70px !important;}&#8221;][vc_column width=&#8221;1\/2&#8243;][vc_single_image image=&#8221;1510&#8243; img_size=&#8221;450&#215;450&#8243; style=&#8221;vc_box_shadow&#8221;][\/vc_column][vc_column width=&#8221;1\/2&#8243; css=&#8221;.vc_custom_1604759125467{margin-top: 20px !important;}&#8221;][vc_column_text]Este disco nace acompa\u00f1ando 21 d\u00edas de ense\u00f1anzas de 21 Maestros. Un proyecto donde cada d\u00eda se trabaja y profundiza en las ense\u00f1anzas y el legado espiritual y filos\u00f3fico de estos Seres. Algunos han caminado entre nosotros y conocemos donde vivieron y su contexto hist\u00f3rico, y hay otros que no. Pero su sabidur\u00eda ha impregnado siglos de tradiciones, acompa\u00f1ando el desarrollo de nuestra humanidad.<br \/>\nCada canci\u00f3n habla de uno de estos Maestros. Y cada canci\u00f3n, como una peque\u00f1a flor, es una humilde ofrenda a cada uno de ellos.[\/vc_column_text][vc_column_text]<\/p>\n<div dir=\"auto\">Si deseas conocer el proyecto de &#8220;21 MAESTROS&#8221; puedes solicitar toda la informaci\u00f3n en este tel\u00e9fono:<br \/>\n+351 920 469 539<\/div>\n<p>[\/vc_column_text][\/vc_column][\/vc_row][vc_row css=&#8221;.vc_custom_1604759383646{margin-top: 70px !important;}&#8221;][vc_column][vc_raw_html css=&#8221;.vc_custom_1604759430623{border-radius: 1px !important;}&#8221;]JTVCc3BvdGlmeXBsYXlidXR0b24lMjBwbGF5JTNEJTIyaHR0cHMlM0ElMkYlMkZvcGVuLnNwb3RpZnkuY29tJTJGYWxidW0lMkY0WTNPdUxqQnRlOTlCTmNTR1R3SmhWJTNGc2klM0RSVHFGXy1WVVR2V0tydXQ2M0FnaGV3JTIyJTJGJTVE[\/vc_raw_html][\/vc_column][\/vc_row][vc_row css=&#8221;.vc_custom_1604759708078{margin-top: 50px !important;}&#8221;][vc_column][vc_separator style=&#8221;shadow&#8221; border_width=&#8221;3&#8243; css_animation=&#8221;fadeIn&#8221;][\/vc_column][\/vc_row][vc_row css=&#8221;.vc_custom_1604760229610{margin-top: 70px !important;}&#8221;][vc_column][vc_column_text]<\/p>\n<h3>Harmonia, 2017<\/h3>\n<p>[\/vc_column_text][\/vc_column][\/vc_row][vc_row css=&#8221;.vc_custom_1604759182994{margin-top: 70px !important;}&#8221;][vc_column width=&#8221;1\/2&#8243;][vc_single_image image=&#8221;1511&#8243; img_size=&#8221;450&#215;450&#8243; style=&#8221;vc_box_shadow&#8221;][\/vc_column][vc_column width=&#8221;1\/2&#8243; css=&#8221;.vc_custom_1604759975649{margin-top: 40px !important;}&#8221;][vc_column_text]<\/p>\n<div dir=\"auto\">En medio de la cotidianidad propia de un grupo de masas como &#8220;Txarango&#8221;, nace Harmon\u00eda, su segundo disco en solitario, un trabajo que sorprende porque supone un viaje musical por las sutilezas de su piano y por su poes\u00eda emocional. Un trabajo instrumental que es un refugio para un alma m\u00e1s acostumbrada a las multitudes y los ritmos &#8220;tumbaos&#8221; y festivos que los momentos de soledad e introspecci\u00f3n. Las canciones de Harmon\u00eda son sencillas, cargadas de magia, un punto de encuentro que recuerda compositores e int\u00e9rpretes de piano solo tan trascendentales y populares como Ludovico Einaudi, Gonzales, Yann Tiersen, Erik Satie, Wim Mertens o James Rhodes.<\/div>\n<p>[\/vc_column_text][\/vc_column][\/vc_row][vc_row css=&#8221;.vc_custom_1604759383646{margin-top: 70px !important;}&#8221;][vc_column][vc_raw_html css=&#8221;.vc_custom_1604760000833{border-radius: 1px !important;}&#8221;]JTVCc3BvdGlmeXBsYXlidXR0b24lMjBwbGF5JTNEJTIyaHR0cHMlM0ElMkYlMkZvcGVuLnNwb3RpZnkuY29tJTJGYWxidW0lMkYzR3RWamY3MnlHNXlUVUM3bkJlY3VyJTNGc2klM0R6N091UjVPTlMyU2MxWFdCVlZMV2VRJTIyJTJGJTVE[\/vc_raw_html][\/vc_column][\/vc_row][vc_row css=&#8221;.vc_custom_1604759708078{margin-top: 50px !important;}&#8221;][vc_column][vc_separator style=&#8221;shadow&#8221; border_width=&#8221;3&#8243; css_animation=&#8221;fadeIn&#8221;][\/vc_column][\/vc_row][vc_row css=&#8221;.vc_custom_1604760251653{margin-top: 70px !important;}&#8221;][vc_column][vc_column_text]<\/p>\n<h3>Sota la pell, 2013<\/h3>\n<p>[\/vc_column_text][\/vc_column][\/vc_row][vc_row css=&#8221;.vc_custom_1604759182994{margin-top: 70px !important;}&#8221;][vc_column width=&#8221;1\/2&#8243;][vc_single_image image=&#8221;1509&#8243; img_size=&#8221;450&#215;450&#8243; style=&#8221;vc_box_shadow&#8221;][\/vc_column][vc_column width=&#8221;1\/2&#8243; css=&#8221;.vc_custom_1604760115032{margin-top: 0px !important;}&#8221;][vc_column_text]<\/p>\n<div dir=\"auto\">&#8220;Yo empec\u00e9 a estudiar m\u00fasica y a tocar el piano cuando ten\u00eda 8 a\u00f1os. No sab\u00eda demasiado porque lo hac\u00eda pero para m\u00ed tocar el piano era como un juego, me divert\u00eda. Con 14 a\u00f1os hice la primera canci\u00f3n y pas\u00f3 algo muy especial. Entend\u00ed que la m\u00fasica no s\u00f3lo era una consecuci\u00f3n de sonidos y silencios, sino que cuando se tocaba con el coraz\u00f3n pod\u00eda convertirse en magia. Era un lenguaje que no s\u00f3lo se percib\u00eda con el o\u00eddo sino que te atravesaba la piel, te pod\u00eda llegar a entrar muy adentro, posiblemente con el que pod\u00edamos contar y expresar cosas que con la palabra nos ser\u00eda imposible.<\/div>\n<p>[\/vc_column_text][vc_column_text]<\/p>\n<div dir=\"auto\">Despu\u00e9s de muchas experiencias vividas he ido acumulando una serie de composiciones que son peque\u00f1os fragmentos de mi vida. Canciones sencillas donde he vaciado las sensaciones y las emociones que la vida me ha ido regalando a lo largo del camino.&#8221;<\/div>\n<p>[\/vc_column_text][\/vc_column][\/vc_row][vc_row css=&#8221;.vc_custom_1604759383646{margin-top: 70px !important;}&#8221;][vc_column][vc_raw_html css=&#8221;.vc_custom_1604760152847{border-radius: 1px !important;}&#8221;]JTVCc3BvdGlmeXBsYXlidXR0b24lMjBwbGF5JTNEJTIyaHR0cHMlM0ElMkYlMkZvcGVuLnNwb3RpZnkuY29tJTJGYWxidW0lMkY1MUVPSkpjZTFiSnRtZFFmMkFKcFlnJTNGc2klM0Q5MW5xUjA4QVM2aTlEM1g4Qkp1TTlBJTIyJTJGJTVE[\/vc_raw_html][\/vc_column][\/vc_row][vc_row css=&#8221;.vc_custom_1604759708078{margin-top: 50px !important;}&#8221;][vc_column][vc_separator style=&#8221;shadow&#8221; border_width=&#8221;3&#8243; css_animation=&#8221;fadeIn&#8221;][\/vc_column][\/vc_row][vc_row][vc_column][vc_single_image image=&#8221;2066&#8243; img_size=&#8221;large&#8221; alignment=&#8221;center&#8221; style=&#8221;vc_box_shadow&#8221;][\/vc_column][\/vc_row]<\/p>\n","protected":false},"excerpt":{"rendered":"<p>[vc_row][vc_column width=&#8221;1\/2&#8243;][vc_single_image image=&#8221;2065&#8243; img_size=&#8221;400&#215;300&#8243; style=&#8221;vc_box_shadow&#8221;][\/vc_column][vc_column width=&#8221;1\/2&#8243; css=&#8221;.vc_custom_1604758711083{margin-top: 60px !important;}&#8221;][vc_column_text] Mi proyecto m\u00e1s \u00edntimo y personal. Un refugio en medio de este mundo que a veces parece que vaya tan y<a href=\"https:\/\/sergi-carbonell.com\/index.php\/es\/piano-solo-2\/\" class=\"more-link\"><span class=\"readmore\">Continue reading<span class=\"screen-reader-text\">Piano Solo<\/span><\/span><\/a><\/p>\n","protected":false},"author":1,"featured_media":0,"parent":0,"menu_order":0,"comment_status":"closed","ping_status":"closed","template":"","meta":{"spay_email":""},"_links":{"self":[{"href":"https:\/\/sergi-carbonell.com\/index.php\/wp-json\/wp\/v2\/pages\/1680"}],"collection":[{"href":"https:\/\/sergi-carbonell.com\/index.php\/wp-json\/wp\/v2\/pages"}],"about":[{"href":"https:\/\/sergi-carbonell.com\/index.php\/wp-json\/wp\/v2\/types\/page"}],"author":[{"embeddable":true,"href":"https:\/\/sergi-carbonell.com\/index.php\/wp-json\/wp\/v2\/users\/1"}],"replies":[{"embeddable":true,"href":"https:\/\/sergi-carbonell.com\/index.php\/wp-json\/wp\/v2\/comments?post=1680"}],"version-history":[{"count":14,"href":"https:\/\/sergi-carbonell.com\/index.php\/wp-json\/wp\/v2\/pages\/1680\/revisions"}],"predecessor-version":[{"id":2197,"href":"https:\/\/sergi-carbonell.com\/index.php\/wp-json\/wp\/v2\/pages\/1680\/revisions\/2197"}],"wp:attachment":[{"href":"https:\/\/sergi-carbonell.com\/index.php\/wp-json\/wp\/v2\/media?parent=1680"}],"curies":[{"name":"wp","href":"https:\/\/api.w.org\/{rel}","templated":true}]}}