{"id":1674,"date":"2020-11-05T19:12:19","date_gmt":"2020-11-05T18:12:19","guid":{"rendered":"http:\/\/sergi-carbonell.com\/?page_id=1674"},"modified":"2024-01-29T10:44:42","modified_gmt":"2024-01-29T09:44:42","slug":"contacto","status":"publish","type":"page","link":"https:\/\/sergi-carbonell.com\/index.php\/es\/contacto\/","title":{"rendered":"CONTACTO"},"content":{"rendered":"<p>[vc_row][vc_column][vc_column_text css=&#8221;.vc_custom_1659023591192{margin-bottom: 200px !important;}&#8221;]<\/p>\n<p style=\"text-align: center;\"><img loading=\"lazy\" class=\"alignnone size-medium wp-image-2221\" src=\"http:\/\/sergi-carbonell.com\/wp-content\/uploads\/2022\/07\/logo-exits-bo-1-300x174.png\" alt=\"\" width=\"300\" height=\"174\" srcset=\"https:\/\/sergi-carbonell.com\/wp-content\/uploads\/2022\/07\/logo-exits-bo-1-300x174.png 300w, https:\/\/sergi-carbonell.com\/wp-content\/uploads\/2022\/07\/logo-exits-bo-1-1024x593.png 1024w, https:\/\/sergi-carbonell.com\/wp-content\/uploads\/2022\/07\/logo-exits-bo-1-768x444.png 768w, https:\/\/sergi-carbonell.com\/wp-content\/uploads\/2022\/07\/logo-exits-bo-1-1536x889.png 1536w, https:\/\/sergi-carbonell.com\/wp-content\/uploads\/2022\/07\/logo-exits-bo-1-2048x1185.png 2048w, https:\/\/sergi-carbonell.com\/wp-content\/uploads\/2022\/07\/logo-exits-bo-1-1320x764.png 1320w, https:\/\/sergi-carbonell.com\/wp-content\/uploads\/2022\/07\/logo-exits-bo-1-600x347.png 600w\" sizes=\"(max-width: 300px) 100vw, 300px\" \/><\/p>\n<p style=\"text-align: center;\"><em><strong>Contrataci\u00f3n:<\/strong><\/em><\/p>\n<p style=\"text-align: center;\">Ixent Sampietro<br \/>\n+34 629 372 805<br \/>\n+34 93 407 38 38<br \/>\nixent@exits.cat<\/p>\n<p>&nbsp;<\/p>\n<p style=\"text-align: center;\"><img loading=\"lazy\" class=\"alignnone wp-image-2222\" style=\"font-size: 1rem;\" src=\"http:\/\/sergi-carbonell.com\/wp-content\/uploads\/2022\/07\/Logotip_Halley_Records-1-300x227.jpeg\" alt=\"\" width=\"170\" height=\"129\" srcset=\"https:\/\/sergi-carbonell.com\/wp-content\/uploads\/2022\/07\/Logotip_Halley_Records-1-300x227.jpeg 300w, https:\/\/sergi-carbonell.com\/wp-content\/uploads\/2022\/07\/Logotip_Halley_Records-1.jpeg 352w\" sizes=\"(max-width: 170px) 100vw, 170px\" \/><\/p>\n<p style=\"text-align: center;\"><em><strong>Prensa y comunicaci\u00f3n:<\/strong><\/em><\/p>\n<p style=\"text-align: center;\">Marc Isern<br \/>\n+34 649 300 605<br \/>\nmarc@halleyre<span style=\"font-size: 1rem;\">cords.com<\/span><\/p>\n<p style=\"text-align: center;\"><em><strong>Discogr\u00e1fica y editorial:<\/strong><\/em><\/p>\n<p style=\"text-align: center;\">Maria Blay<br \/>\n+34 686 139 695<br \/>\nmaria@halleyrecords.com[\/vc_column_text][\/vc_column][\/vc_row][vc_row][vc_column][vc_single_image image=&#8221;2493&#8243; img_size=&#8221;3000&#215;2000&#8243; add_caption=&#8221;yes&#8221; style=&#8221;vc_box_shadow&#8221; css=&#8221;.vc_custom_1706521474980{margin-left: 120px !important;}&#8221;][\/vc_column][\/vc_row]<\/p>\n","protected":false},"excerpt":{"rendered":"<p>[vc_row][vc_column][vc_column_text css=&#8221;.vc_custom_1659023591192{margin-bottom: 200px !important;}&#8221;] Contrataci\u00f3n: Ixent Sampietro +34 629 372 805 +34 93 407 38 38 ixent@exits.cat &nbsp; Prensa y comunicaci\u00f3n: Marc Isern +34 649 300 605 marc@halleyrecords.com Discogr\u00e1fica y<a href=\"https:\/\/sergi-carbonell.com\/index.php\/es\/contacto\/\" class=\"more-link\"><span class=\"readmore\">Continue reading<span class=\"screen-reader-text\">CONTACTO<\/span><\/span><\/a><\/p>\n","protected":false},"author":1,"featured_media":0,"parent":0,"menu_order":0,"comment_status":"closed","ping_status":"closed","template":"","meta":{"spay_email":""},"_links":{"self":[{"href":"https:\/\/sergi-carbonell.com\/index.php\/wp-json\/wp\/v2\/pages\/1674"}],"collection":[{"href":"https:\/\/sergi-carbonell.com\/index.php\/wp-json\/wp\/v2\/pages"}],"about":[{"href":"https:\/\/sergi-carbonell.com\/index.php\/wp-json\/wp\/v2\/types\/page"}],"author":[{"embeddable":true,"href":"https:\/\/sergi-carbonell.com\/index.php\/wp-json\/wp\/v2\/users\/1"}],"replies":[{"embeddable":true,"href":"https:\/\/sergi-carbonell.com\/index.php\/wp-json\/wp\/v2\/comments?post=1674"}],"version-history":[{"count":7,"href":"https:\/\/sergi-carbonell.com\/index.php\/wp-json\/wp\/v2\/pages\/1674\/revisions"}],"predecessor-version":[{"id":2494,"href":"https:\/\/sergi-carbonell.com\/index.php\/wp-json\/wp\/v2\/pages\/1674\/revisions\/2494"}],"wp:attachment":[{"href":"https:\/\/sergi-carbonell.com\/index.php\/wp-json\/wp\/v2\/media?parent=1674"}],"curies":[{"name":"wp","href":"https:\/\/api.w.org\/{rel}","templated":true}]}}