{"id":1664,"date":"2020-11-05T19:05:38","date_gmt":"2020-11-05T18:05:38","guid":{"rendered":"http:\/\/sergi-carbonell.com\/?page_id=1664"},"modified":"2024-01-29T10:11:52","modified_gmt":"2024-01-29T09:11:52","slug":"bio-2","status":"publish","type":"page","link":"https:\/\/sergi-carbonell.com\/index.php\/es\/bio-2\/","title":{"rendered":"BIO"},"content":{"rendered":"<p>[vc_row][vc_column][vc_column_text]<span style=\"font-size: 1rem;\">[\/vc_column_text][\/vc_column][\/vc_row][vc_row][vc_column width=&#8221;1\/3&#8243; css=&#8221;.vc_custom_1706519503959{margin-top: 30px !important;margin-left: 10px !important;}&#8221;][vc_single_image image=&#8221;2457&#8243; img_size=&#8221;400&#215;400&#8243; add_caption=&#8221;yes&#8221; style=&#8221;vc_box_shadow&#8221;][\/vc_column][vc_column width=&#8221;2\/3&#8243;][vc_column_text]Nacido en Ribes de Freser en 1986. Comienza sus estudios de m\u00fasica con 8 a\u00f1os. Con el piano como instrumento principal cursa 10 a\u00f1os de estudios cl\u00e1sicos, examin\u00e1ndose en el Conservatorio de m\u00fasica cl\u00e1sica del Liceo de Barcelona. A los 18 a\u00f1os comienza a estudiar m\u00fasica moderna, primero en el Conservatorio de Badalona y posteriormente en el &#8220;Taller de M\u00fasics&#8221; de Barcelona. All\u00ed queda fascinado por toda la m\u00fasica proveniente de Latinoam\u00e9rica, la salsa, el latinjazz, la bossanova, el tango &#8230; y decide viajar a la Habana para continuar sus estudios de piano. Todo aquel tiempo en Cuba dejar\u00e1 una huella imborrable en su m\u00fasica. Al regresar de aquella experiencia, junto con Alguer Miquel y Marcel L\u00e1zara, forman la conocida banda &#8220;Txarango&#8221;. Con ella ha grabado 5 discos de estudio y ha hecho m\u00e1s de 300 conciertos en m\u00e1s 30 pa\u00edses, recorriendo los mejor festivales de m\u00fasica de toda Europa, as\u00ed como giras en Jap\u00f3n, China, India, M\u00e9xico&#8230;[\/vc_column_text][\/vc_column][\/vc_row][vc_row][vc_column][vc_column_text css=&#8221;.vc_custom_1649168371852{margin-top: -35px !important;}&#8221;]&nbsp;<\/p>\n<div dir=\"auto\">\n<div dir=\"auto\">\n<p>aparte de esto, y debido a la vertiente pol\u00edtica-social del grupo, ha podido viajar a lugares como Palestina, el Sahara Occidental, la frontera Sur de Melilla, a varios campos de refugiados de Grecia y Serbia, a Senegal, o a Brasil en una gira por comunidades ind\u00edgenas junto a &#8220;Pallasos en Rebeld\u00eda&#8221;.<\/p>\n<p>En paralelo al grupo de m\u00fasica, ha grabado 4 discos de piano solo. Trabajos \u00edntimos que suponen un viaje musical por las sutilezas de su piano y por su poes\u00eda emocional.<\/p>\n<p>.[vc_row][vc_column width=&#8221;1\/1&#8243;][vc_column_text]<\/p>\n<\/div>\n<\/div>\n<p>[\/vc_column_text][\/vc_column][\/vc_row][vc_row][vc_column][vc_column_text]<\/p><\/div>\n<p>[\/vc_column_text][\/vc_column][\/vc_row][vc_row][vc_column][vc_single_image image=&#8221;1880&#8243; img_size=&#8221;large&#8221; add_caption=&#8221;yes&#8221; style=&#8221;vc_box_shadow&#8221;][\/vc_column][\/vc_row]<\/p>\n","protected":false},"excerpt":{"rendered":"<p>[vc_row][vc_column][vc_column_text][\/vc_column_text][\/vc_column][\/vc_row][vc_row][vc_column width=&#8221;1\/3&#8243; css=&#8221;.vc_custom_1706519503959{margin-top: 30px !important;margin-left: 10px !important;}&#8221;][vc_single_image image=&#8221;2457&#8243; img_size=&#8221;400&#215;400&#8243; add_caption=&#8221;yes&#8221; style=&#8221;vc_box_shadow&#8221;][\/vc_column][vc_column width=&#8221;2\/3&#8243;][vc_column_text]Nacido en Ribes de Freser en 1986. Comienza sus estudios de m\u00fasica con 8 a\u00f1os. Con el piano como<a href=\"https:\/\/sergi-carbonell.com\/index.php\/es\/bio-2\/\" class=\"more-link\"><span class=\"readmore\">Continue reading<span class=\"screen-reader-text\">BIO<\/span><\/span><\/a><\/p>\n","protected":false},"author":1,"featured_media":0,"parent":0,"menu_order":0,"comment_status":"closed","ping_status":"closed","template":"","meta":{"spay_email":""},"_links":{"self":[{"href":"https:\/\/sergi-carbonell.com\/index.php\/wp-json\/wp\/v2\/pages\/1664"}],"collection":[{"href":"https:\/\/sergi-carbonell.com\/index.php\/wp-json\/wp\/v2\/pages"}],"about":[{"href":"https:\/\/sergi-carbonell.com\/index.php\/wp-json\/wp\/v2\/types\/page"}],"author":[{"embeddable":true,"href":"https:\/\/sergi-carbonell.com\/index.php\/wp-json\/wp\/v2\/users\/1"}],"replies":[{"embeddable":true,"href":"https:\/\/sergi-carbonell.com\/index.php\/wp-json\/wp\/v2\/comments?post=1664"}],"version-history":[{"count":16,"href":"https:\/\/sergi-carbonell.com\/index.php\/wp-json\/wp\/v2\/pages\/1664\/revisions"}],"predecessor-version":[{"id":2459,"href":"https:\/\/sergi-carbonell.com\/index.php\/wp-json\/wp\/v2\/pages\/1664\/revisions\/2459"}],"wp:attachment":[{"href":"https:\/\/sergi-carbonell.com\/index.php\/wp-json\/wp\/v2\/media?parent=1664"}],"curies":[{"name":"wp","href":"https:\/\/api.w.org\/{rel}","templated":true}]}}