{"id":1507,"date":"2020-10-31T22:48:36","date_gmt":"2020-10-31T21:48:36","guid":{"rendered":"http:\/\/sergi-carbonell.com\/?page_id=1507"},"modified":"2022-02-01T09:42:48","modified_gmt":"2022-02-01T08:42:48","slug":"piano-solo","status":"publish","type":"page","link":"https:\/\/sergi-carbonell.com\/index.php\/piano-solo\/","title":{"rendered":"Piano Solo"},"content":{"rendered":"<p>[vc_row][vc_column width=&#8221;1\/2&#8243;][vc_single_image image=&#8221;2050&#8243; img_size=&#8221;large&#8221; style=&#8221;vc_box_shadow&#8221;][\/vc_column][vc_column width=&#8221;1\/2&#8243; css=&#8221;.vc_custom_1604758711083{margin-top: 60px !important;}&#8221;][vc_column_text]<\/p>\n<div dir=\"auto\">El meu projecte m\u00e9s \u00edntim i personal. Un refugi enmig d\u2019aquest m\u00f3n que a vegades sembla que vagi tant i tant r\u00e0pid.<\/div>\n<div dir=\"auto\">Un espai on aturar-me, on poder respirar, on parar el Temps\u2026 Un\u00a0 viatge musical per les subtileses del meu piano i per la meva poesia emocional.<\/div>\n<p>[\/vc_column_text][\/vc_column][\/vc_row][vc_row css=&#8221;.vc_custom_1604759205912{margin-top: 130px !important;}&#8221;][vc_column][vc_column_text]<\/p>\n<h3>Ubuntu, 2022<\/h3>\n<p>[\/vc_column_text][\/vc_column][\/vc_row][vc_row css=&#8221;.vc_custom_1638528774881{margin-top: 70px !important;}&#8221;][vc_column width=&#8221;1\/2&#8243;][vc_single_image image=&#8221;2080&#8243; img_size=&#8221;450&#215;450&#8243; style=&#8221;vc_box_shadow&#8221;][\/vc_column][vc_column width=&#8221;1\/2&#8243; css=&#8221;.vc_custom_1604759125467{margin-top: 20px !important;}&#8221;][vc_column_text css=&#8221;.vc_custom_1638528803422{margin-top: 60px !important;}&#8221;]<\/p>\n<div dir=\"auto\">\n<div class=\"aP0iDg _8wgmBA\">\n<div class=\"CSQ61Q fxHT8Q JgN_fQ\">\n<div class=\"_-EO8Jw\">\n<div>\n<div class=\"_3stTEQ imh8lg\" lang=\"es-ES\">\n<p class=\"ok-Wdg UPenfA RVfbug\"><span class=\"S1PPyQ\">Aquest \u00e9s el meu 4t disc de piano. Aquesta vegada he volgut anar un pas m\u00e9s enll\u00e0, i en aquest cam\u00ed de recerca i aprenentatge he volgut acompanyar el meu piano amb un quartet de corda. Les can\u00e7ons ja han estat compostes pensant en aquest format, i aix\u00f2 m&#8217;ha perm\u00e8s treballar el proc\u00e9s de composici\u00f3 des d&#8217;un altre prisma i des d&#8217;altres punts de vista.<\/span><\/p>\n<\/div>\n<\/div>\n<\/div>\n<\/div>\n<\/div>\n<div class=\"aP0iDg _8wgmBA\">\n<div class=\"CSQ61Q fxHT8Q JgN_fQ\">\n<div class=\"_-EO8Jw\">\n<div>\n<div class=\"_3stTEQ imh8lg\" lang=\"es-ES\">\n<p class=\"ok-Wdg UPenfA RVfbug\"><span class=\"S1PPyQ\">D&#8217;aquest moviment musical, d&#8217;aquesta conversa entre el piano i els quatre instruments de corda ha nascut &#8220;Ubuntu&#8221;.<\/span><\/p>\n<\/div>\n<\/div>\n<\/div>\n<\/div>\n<\/div>\n<\/div>\n<p>[\/vc_column_text][vc_column_text][\/vc_column_text][\/vc_column][\/vc_row][vc_row][vc_column][vc_video link=&#8221;https:\/\/www.youtube.com\/watch?v=JDLUetmQ0r8&#038;ab_channel=SergiCarbonell&#8221;][\/vc_column][\/vc_row][vc_row css=&#8221;.vc_custom_1604759383646{margin-top: 70px !important;}&#8221;][vc_column][vc_raw_html css=&#8221;.vc_custom_1643704949680{border-radius: 1px !important;}&#8221;]JTNDaWZyYW1lJTIwc3JjJTNEJTIyaHR0cHMlM0ElMkYlMkZvcGVuLnNwb3RpZnkuY29tJTJGZW1iZWQlMkZhbGJ1bSUyRjIwbnNoUWVvbXFaTUF5Y1VRQ1UxTkIlM0Z1dG1fc291cmNlJTNEZ2VuZXJhdG9yJTIyJTIwd2lkdGglM0QlMjIxMDAlMjUlMjIlMjBoZWlnaHQlM0QlMjI4MCUyMiUyMGZyYW1lQm9yZGVyJTNEJTIyMCUyMiUyMGFsbG93ZnVsbHNjcmVlbiUzRCUyMiUyMiUyMGFsbG93JTNEJTIyYXV0b3BsYXklM0IlMjBjbGlwYm9hcmQtd3JpdGUlM0IlMjBlbmNyeXB0ZWQtbWVkaWElM0IlMjBmdWxsc2NyZWVuJTNCJTIwcGljdHVyZS1pbi1waWN0dXJlJTIyJTNFJTNDJTJGaWZyYW1lJTNF[\/vc_raw_html][\/vc_column][\/vc_row][vc_row css=&#8221;.vc_custom_1604759708078{margin-top: 50px !important;}&#8221;][vc_column][vc_separator style=&#8221;shadow&#8221; border_width=&#8221;3&#8243; css_animation=&#8221;fadeIn&#8221;][\/vc_column][\/vc_row][vc_row css=&#8221;.vc_custom_1638528625879{margin-top: 50px !important;}&#8221;][vc_column][vc_column_text]<\/p>\n<h3>Levedad (21 suspirs), 2020<\/h3>\n<p>[\/vc_column_text][\/vc_column][\/vc_row][vc_row css=&#8221;.vc_custom_1604759182994{margin-top: 70px !important;}&#8221;][vc_column width=&#8221;1\/2&#8243;][vc_single_image image=&#8221;1510&#8243; img_size=&#8221;450&#215;450&#8243; style=&#8221;vc_box_shadow&#8221;][\/vc_column][vc_column width=&#8221;1\/2&#8243; css=&#8221;.vc_custom_1604759125467{margin-top: 20px !important;}&#8221;][vc_column_text]<\/p>\n<div dir=\"auto\">Aquest disc neix acompanyant 21 dies d\u2019ensenyances de 21 Mestres. Un projecte on cada dia es treballa i s\u2019aprofundeix en les ensenyances i el llegat espiritual i filos\u00f2fic d\u2019aquests Sers. Alguns han caminat entre nosaltres i coneixem on van viure i el seu context hist\u00f2ric, i n\u2019hi ha d\u2019altres que no. Per\u00f2 la seva saviesa ha impregnat segles de tradicions, acompanyant el desenvolupament d\u2019aquesta humanitat.<\/div>\n<div dir=\"auto\">Cada can\u00e7\u00f3 parla d\u2019un d\u2019aquests Mestres. I cada can\u00e7\u00f3, com un petita flor,\u00a0 \u00e9s una humil ofrena a cada un d\u2019ells.<\/div>\n<p>[\/vc_column_text][vc_column_text]<\/p>\n<div dir=\"auto\">Si voleu con\u00e8ixer el projecte de \u201c21 MAESTROS\u201d podeu demanar tota la informaci\u00f3 en aquest tel\u00e8fon:<\/div>\n<div dir=\"auto\">+351 920 469 539<\/div>\n<p>[\/vc_column_text][\/vc_column][\/vc_row][vc_row css=&#8221;.vc_custom_1604759383646{margin-top: 70px !important;}&#8221;][vc_column][vc_raw_html css=&#8221;.vc_custom_1604759430623{border-radius: 1px !important;}&#8221;]JTVCc3BvdGlmeXBsYXlidXR0b24lMjBwbGF5JTNEJTIyaHR0cHMlM0ElMkYlMkZvcGVuLnNwb3RpZnkuY29tJTJGYWxidW0lMkY0WTNPdUxqQnRlOTlCTmNTR1R3SmhWJTNGc2klM0RSVHFGXy1WVVR2V0tydXQ2M0FnaGV3JTIyJTJGJTVE[\/vc_raw_html][\/vc_column][\/vc_row][vc_row css=&#8221;.vc_custom_1604759708078{margin-top: 50px !important;}&#8221;][vc_column][vc_separator style=&#8221;shadow&#8221; border_width=&#8221;3&#8243; css_animation=&#8221;fadeIn&#8221;][\/vc_column][\/vc_row][vc_row css=&#8221;.vc_custom_1604760229610{margin-top: 70px !important;}&#8221;][vc_column][vc_column_text]<\/p>\n<h3>Harmonia, 2017<\/h3>\n<p>[\/vc_column_text][\/vc_column][\/vc_row][vc_row css=&#8221;.vc_custom_1604759182994{margin-top: 70px !important;}&#8221;][vc_column width=&#8221;1\/2&#8243;][vc_single_image image=&#8221;1511&#8243; img_size=&#8221;450&#215;450&#8243; style=&#8221;vc_box_shadow&#8221;][\/vc_column][vc_column width=&#8221;1\/2&#8243; css=&#8221;.vc_custom_1604759975649{margin-top: 40px !important;}&#8221;][vc_column_text]<\/p>\n<div dir=\"auto\">Entremig de la quotidianitat pr\u00f2pia d\u2019un grup de masses com Txarango,\u00a0<b>neix\u00a0<\/b><em>Harmonia<\/em>, el seu segon disc en solitari, un treball que sorpr\u00e8n perqu\u00e8 suposa un viatge musical per les subtileses del seu piano i per la seva poesia emocional. Un treball instrumental que \u00e9s un refugi per a una \u00e0nima m\u00e9s avesada a les multituds i als ritmes \u201c<em>tumbaos\u201d<\/em>\u00a0i festius que als moments de solitud i introspecci\u00f3. Les can\u00e7ons d\u2019<em>Harmonia<\/em>\u00a0s\u00f3n senzilles, carregades de m\u00e0gia, un punt de trobada que recorda compositors i int\u00e8rprets de\u00a0<em>piano solo\u00a0<\/em>tan transcendentals i populars com\u00a0Ludovico Einaudi,\u00a0Gonzales,\u00a0Yann Tiersen,\u00a0Erik Satie,\u00a0Wim Mertens\u00a0o\u00a0James Rhodes.<\/div>\n<p>[\/vc_column_text][\/vc_column][\/vc_row][vc_row css=&#8221;.vc_custom_1604759383646{margin-top: 70px !important;}&#8221;][vc_column][vc_raw_html css=&#8221;.vc_custom_1604760000833{border-radius: 1px !important;}&#8221;]JTVCc3BvdGlmeXBsYXlidXR0b24lMjBwbGF5JTNEJTIyaHR0cHMlM0ElMkYlMkZvcGVuLnNwb3RpZnkuY29tJTJGYWxidW0lMkYzR3RWamY3MnlHNXlUVUM3bkJlY3VyJTNGc2klM0R6N091UjVPTlMyU2MxWFdCVlZMV2VRJTIyJTJGJTVE[\/vc_raw_html][\/vc_column][\/vc_row][vc_row css=&#8221;.vc_custom_1604759708078{margin-top: 50px !important;}&#8221;][vc_column][vc_separator style=&#8221;shadow&#8221; border_width=&#8221;3&#8243; css_animation=&#8221;fadeIn&#8221;][\/vc_column][\/vc_row][vc_row css=&#8221;.vc_custom_1604760251653{margin-top: 70px !important;}&#8221;][vc_column][vc_column_text]<\/p>\n<h3>Sota la pell, 2013<\/h3>\n<p>[\/vc_column_text][\/vc_column][\/vc_row][vc_row css=&#8221;.vc_custom_1604759182994{margin-top: 70px !important;}&#8221;][vc_column width=&#8221;1\/2&#8243;][vc_single_image image=&#8221;1509&#8243; img_size=&#8221;450&#215;450&#8243; style=&#8221;vc_box_shadow&#8221;][\/vc_column][vc_column width=&#8221;1\/2&#8243; css=&#8221;.vc_custom_1604760115032{margin-top: 0px !important;}&#8221;][vc_column_text]<\/p>\n<div dir=\"auto\">\u201cJo vaig comen\u00e7ar a estudiar m\u00fasica i a tocar el piano quan tenia 8 anys. No sabia massa perqu\u00e8 ho feia per\u00f2 per mi tocar el piano era com un joc, em divertia. Amb 14 anys vaig fer la primera can\u00e7\u00f3 i va passar alguna cosa molt especial. Vaig entendre que la m\u00fasica no nom\u00e9s era una consecuci\u00f3 de sons i silencis, sin\u00f3 que quan es tocava amb el cor podia convertir-se en m\u00e0gia. Era un llenguatge que no nom\u00e9s es percebia amb l\u2019orella sin\u00f3 que et travessava la pell, et podia arribar a entrar molt endins, possiblement amb el qual pod\u00edem explicar i expresar coses que amb la paraula seria imposible.<\/div>\n<p>[\/vc_column_text][vc_column_text]<\/p>\n<div dir=\"auto\">Despr\u00e9s de moltes experi\u00e8ncies viscudes he anat acumulant una s\u00e8rie de composicions que s\u00f3n petits fragments de la meva vida. Can\u00e7ons senzilles on hi he buidat les sensacions i les emocions que la vida m\u2019ha anat regalant al llarg del cam\u00ed.\u201d<\/div>\n<p>[\/vc_column_text][\/vc_column][\/vc_row][vc_row css=&#8221;.vc_custom_1604759383646{margin-top: 70px !important;}&#8221;][vc_column][vc_raw_html css=&#8221;.vc_custom_1604760152847{border-radius: 1px !important;}&#8221;]JTVCc3BvdGlmeXBsYXlidXR0b24lMjBwbGF5JTNEJTIyaHR0cHMlM0ElMkYlMkZvcGVuLnNwb3RpZnkuY29tJTJGYWxidW0lMkY1MUVPSkpjZTFiSnRtZFFmMkFKcFlnJTNGc2klM0Q5MW5xUjA4QVM2aTlEM1g4Qkp1TTlBJTIyJTJGJTVE[\/vc_raw_html][\/vc_column][\/vc_row][vc_row css=&#8221;.vc_custom_1604759708078{margin-top: 50px !important;}&#8221;][vc_column][vc_separator style=&#8221;shadow&#8221; border_width=&#8221;3&#8243; css_animation=&#8221;fadeIn&#8221;][\/vc_column][\/vc_row][vc_row][vc_column][vc_single_image image=&#8221;2057&#8243; img_size=&#8221;large&#8221; alignment=&#8221;center&#8221; style=&#8221;vc_box_shadow&#8221;][\/vc_column][\/vc_row]<\/p>\n","protected":false},"excerpt":{"rendered":"<p>[vc_row][vc_column width=&#8221;1\/2&#8243;][vc_single_image image=&#8221;2050&#8243; img_size=&#8221;large&#8221; style=&#8221;vc_box_shadow&#8221;][\/vc_column][vc_column width=&#8221;1\/2&#8243; css=&#8221;.vc_custom_1604758711083{margin-top: 60px !important;}&#8221;][vc_column_text] El meu projecte m\u00e9s \u00edntim i personal. Un refugi enmig d\u2019aquest m\u00f3n que a vegades sembla que vagi tant i tant<a href=\"https:\/\/sergi-carbonell.com\/index.php\/piano-solo\/\" class=\"more-link\"><span class=\"readmore\">Continue reading<span class=\"screen-reader-text\">Piano Solo<\/span><\/span><\/a><\/p>\n","protected":false},"author":1,"featured_media":0,"parent":0,"menu_order":0,"comment_status":"closed","ping_status":"closed","template":"","meta":{"spay_email":""},"_links":{"self":[{"href":"https:\/\/sergi-carbonell.com\/index.php\/wp-json\/wp\/v2\/pages\/1507"}],"collection":[{"href":"https:\/\/sergi-carbonell.com\/index.php\/wp-json\/wp\/v2\/pages"}],"about":[{"href":"https:\/\/sergi-carbonell.com\/index.php\/wp-json\/wp\/v2\/types\/page"}],"author":[{"embeddable":true,"href":"https:\/\/sergi-carbonell.com\/index.php\/wp-json\/wp\/v2\/users\/1"}],"replies":[{"embeddable":true,"href":"https:\/\/sergi-carbonell.com\/index.php\/wp-json\/wp\/v2\/comments?post=1507"}],"version-history":[{"count":22,"href":"https:\/\/sergi-carbonell.com\/index.php\/wp-json\/wp\/v2\/pages\/1507\/revisions"}],"predecessor-version":[{"id":2198,"href":"https:\/\/sergi-carbonell.com\/index.php\/wp-json\/wp\/v2\/pages\/1507\/revisions\/2198"}],"wp:attachment":[{"href":"https:\/\/sergi-carbonell.com\/index.php\/wp-json\/wp\/v2\/media?parent=1507"}],"curies":[{"name":"wp","href":"https:\/\/api.w.org\/{rel}","templated":true}]}}