{"id":1501,"date":"2020-10-31T22:44:20","date_gmt":"2020-10-31T21:44:20","guid":{"rendered":"http:\/\/sergi-carbonell.com\/?page_id=1501"},"modified":"2024-01-29T10:33:50","modified_gmt":"2024-01-29T09:33:50","slug":"bio","status":"publish","type":"page","link":"https:\/\/sergi-carbonell.com\/index.php\/bio\/","title":{"rendered":"BIO"},"content":{"rendered":"<p>[vc_row][vc_column width=&#8221;1\/3&#8243; css=&#8221;.vc_custom_1604750571326{margin-top: 10px !important;margin-left: 10px !important;}&#8221;][vc_single_image image=&#8221;2481&#8243; img_size=&#8221;400&#215;400&#8243; add_caption=&#8221;yes&#8221; style=&#8221;vc_box_shadow&#8221;][\/vc_column][vc_column width=&#8221;2\/3&#8243;][vc_column_text]Nascut a\u00a0 Ribes de Freser l&#8217;any 1986. Comen\u00e7a els seus estudis de m\u00fasica amb 8 anys. Amb el piano com a instrument principal cursa 10 anys d&#8217;estudis cl\u00e0ssics, examinant-se al Conservatori de m\u00fasica cl\u00e0ssica del Liceu de Barcelona. Als 18 anys comen\u00e7a a estudiar m\u00fasica moderna, primer al Conservatori de Badalona i posteriorment al &#8220;Taller de M\u00fasics&#8221; de Barcelona. All\u00e0 queda fascinat per tota la m\u00fasica provinent de Llatinoam\u00e8rica, la salsa, el latin jazz, la bossanova, el tango&#8230; i decideix viatjar a la Havana per continuar els seus estudis de piano.\u00a0 Tot aquell temps a Cuba deixar\u00e0 una petjada imborrable en la seva m\u00fasica. Al tornar d&#8217;aquella experi\u00e8ncia, juntament amb l&#8217;Alguer Miquel i el Marcel L\u00e1zara, formen la coneguda banda &#8220;Txarango&#8221;. Amb ella ha gravat 5 discos d&#8217;estudi i ha fet m\u00e9s de 300 concerts en m\u00e9s 30 pa\u00efsos, recorrent els millors festivals de m\u00fasica d&#8217;arreu d&#8217;Europa aix\u00ed com gires a Jap\u00f3, Xina, India, M\u00e8xic&#8230;[\/vc_column_text][\/vc_column][\/vc_row][vc_row][vc_column][vc_column_text css=&#8221;.vc_custom_1649168310162{margin-top: -35px !important;}&#8221;]<\/p>\n<div dir=\"auto\">\n<p>\u00a0A part d&#8217;aix\u00f2, i degut a la vessant pol\u00edtica-social del grup, ha pogut viatjar a llocs com Palestina, el S\u00e0hara Occidental, la frontera Sud de Melilla, a diversos camps de refugiats de Gr\u00e8cia i S\u00e8rbia, a Senegal,\u00a0 o a Brasil en una gira per comunitats ind\u00edgenes juntament amb &#8220;Pallasos en Rebeld\u00eda&#8221;.<\/p>\n<\/div>\n<div dir=\"auto\">En paral.lel al grup de m\u00fasica, ha gravat 4 discos de piano solo. Treballs \u00edntims que suposen un viatge musical per les subtileses del seu piano i per la seva poesia emocional.<\/div>\n<p>&nbsp;<\/p>\n<div dir=\"auto\"><\/div>\n<p>[\/vc_column_text][\/vc_column][\/vc_row][vc_row css=&#8221;.vc_custom_1604923955136{margin-top: 50px !important;}&#8221;][vc_column][vc_single_image image=&#8221;1878&#8243; img_size=&#8221;large&#8221; add_caption=&#8221;yes&#8221; style=&#8221;vc_box_shadow&#8221;][\/vc_column][\/vc_row]<\/p>\n","protected":false},"excerpt":{"rendered":"<p>[vc_row][vc_column width=&#8221;1\/3&#8243; css=&#8221;.vc_custom_1604750571326{margin-top: 10px !important;margin-left: 10px !important;}&#8221;][vc_single_image image=&#8221;2481&#8243; img_size=&#8221;400&#215;400&#8243; add_caption=&#8221;yes&#8221; style=&#8221;vc_box_shadow&#8221;][\/vc_column][vc_column width=&#8221;2\/3&#8243;][vc_column_text]Nascut a\u00a0 Ribes de Freser l&#8217;any 1986. Comen\u00e7a els seus estudis de m\u00fasica amb 8 anys. Amb el piano<a href=\"https:\/\/sergi-carbonell.com\/index.php\/bio\/\" class=\"more-link\"><span class=\"readmore\">Continue reading<span class=\"screen-reader-text\">BIO<\/span><\/span><\/a><\/p>\n","protected":false},"author":1,"featured_media":0,"parent":0,"menu_order":0,"comment_status":"closed","ping_status":"closed","template":"","meta":{"spay_email":""},"_links":{"self":[{"href":"https:\/\/sergi-carbonell.com\/index.php\/wp-json\/wp\/v2\/pages\/1501"}],"collection":[{"href":"https:\/\/sergi-carbonell.com\/index.php\/wp-json\/wp\/v2\/pages"}],"about":[{"href":"https:\/\/sergi-carbonell.com\/index.php\/wp-json\/wp\/v2\/types\/page"}],"author":[{"embeddable":true,"href":"https:\/\/sergi-carbonell.com\/index.php\/wp-json\/wp\/v2\/users\/1"}],"replies":[{"embeddable":true,"href":"https:\/\/sergi-carbonell.com\/index.php\/wp-json\/wp\/v2\/comments?post=1501"}],"version-history":[{"count":14,"href":"https:\/\/sergi-carbonell.com\/index.php\/wp-json\/wp\/v2\/pages\/1501\/revisions"}],"predecessor-version":[{"id":2482,"href":"https:\/\/sergi-carbonell.com\/index.php\/wp-json\/wp\/v2\/pages\/1501\/revisions\/2482"}],"wp:attachment":[{"href":"https:\/\/sergi-carbonell.com\/index.php\/wp-json\/wp\/v2\/media?parent=1501"}],"curies":[{"name":"wp","href":"https:\/\/api.w.org\/{rel}","templated":true}]}}